{"id":3120,"date":"2018-07-10T09:41:37","date_gmt":"2018-07-10T07:41:37","guid":{"rendered":"http:\/\/www.cartrust.lu\/?page_id=3120"},"modified":"2026-01-13T14:56:27","modified_gmt":"2026-01-13T13:56:27","slug":"accueil","status":"publish","type":"page","link":"http:\/\/www.cartrust.lu\/lu\/","title":{"rendered":"Home"},"content":{"rendered":"[vc_row full_width=&#8221;stretch_row&#8221; full_height=&#8221;yes&#8221; css=&#8221;.vc_custom_1539848578535{margin-top: -80px !important;background-image: url(http:\/\/www.cartrust.lu\/wp-content\/uploads\/2018\/07\/home.jpg?id=3649) !important;background-position: center !important;background-repeat: no-repeat !important;background-size: cover !important;}&#8221; el_id=&#8221;home-header&#8221;][vc_column][gt3_custom_text text_color=&#8221;#ffffff&#8221; font_size=&#8221;18&#8243; use_theme_fonts=&#8221;&#8221; google_fonts_text=&#8221;font_family:Montserrat%3Aregular%2C700|font_style:400%20regular%3A400%3Anormal&#8221;]<span style=\"letter-spacing: 1px;\">Leasing made smarter<\/span>[\/gt3_custom_text][gt3_spacing height=&#8221;20px&#8221;][gt3_custom_text text_color=&#8221;#ffffff&#8221; font_size=&#8221;50&#8243; responsive_font=&#8221;true&#8221; font_size_tablet=&#8221;40&#8243; font_size_mobile=&#8221;26&#8243;]<span><span class=\"short_text\" id=\"result_box\" lang=\"lb\"><span>L\u00ebtzebuerger <\/span><\/span>Spezialist am Autosleasing<\/span>[\/gt3_custom_text][gt3_spacing height=&#8221;40px&#8221;][gt3_button button_title=&#8221;Ze verkafen &#8221; btn_font_size=&#8221;15&#8243; use_theme_button=&#8221;&#8221; btn_bg_color=&#8221;#ffffff&#8221; btn_text_color=&#8221;#2b3152&#8243; btn_bg_color_hover=&#8221;rgba(255,255,255,0.01)&#8221; btn_text_color_hover=&#8221;#ffffff&#8221; btn_icon_color=&#8221;#ffffff&#8221; btn_icon_color_hover=&#8221;#ffffff&#8221; btn_border_color=&#8221;#ffffff&#8221; btn_border_color_hover=&#8221;#ffffff&#8221; link=&#8221;url:http%3A%2F%2Fwww.cartrust.lu%2Fnos-occasions%2F|||&#8221;][gt3_button button_title=&#8221;Ufroo fir eng Offer&#8221; btn_font_size=&#8221;15&#8243; use_theme_button=&#8221;&#8221; btn_bg_color=&#8221;rgba(255,255,255,0.01)&#8221; btn_text_color=&#8221;#ffffff&#8221; btn_bg_color_hover=&#8221;#ffffff&#8221; btn_text_color_hover=&#8221;#2b3152&#8243; btn_icon_color=&#8221;#ffffff&#8221; btn_icon_color_hover=&#8221;#ffffff&#8221; btn_border_color=&#8221;#ffffff&#8221; btn_border_color_hover=&#8221;#ffffff&#8221; link=&#8221;|||&#8221; item_el_class=&#8221;btnDemOffre&#8221;][\/vc_column][\/vc_row][vc_row][vc_column][gt3_spacing height=&#8221;70px&#8221; responsive_es=&#8221;true&#8221; height_mobile=&#8221;70&#8243;][vc_column_text]\n<h2 style=\"text-align: center;\">Wat ass <strong>Leasing<\/strong>?<\/h2>\n[\/vc_column_text][gt3_spacing height=&#8221;20px&#8221;][vc_row_inner][vc_column_inner width=&#8221;5\/6&#8243; offset=&#8221;vc_col-sm-offset-1&#8243;][gt3_custom_text text_color=&#8221;#777b93&#8243; font_size=&#8221;16&#8243; line_height=&#8221;190&#8243;]\n<p style=\"text-align: justify;\">Leasing ass eng laangfristeg Autoslocatioun, d\u00e9i fir en defin\u00e9ierten Z\u00e4itraum an eng best\u00ebmmte Kilometerunzuel an engem Kontrakt festgehale g\u00ebtt &#8211; mat oder ouni R\u00e9ckkafoptioun vum Auto. D\u2019Locatioun g\u00ebtt all Mount verrechent an \u00ebmfaasst verschidden D\u00e9ngschtleeschtungen, jee nodeem wat t\u00ebscht Cartrust an dem Client ausgemaach gouf, esou z.B. Vers\u00e9cherung, Entretien, Pneuewiessel, Reparatur, asw.<\/p>\n[\/gt3_custom_text][\/vc_column_inner][\/vc_row_inner][gt3_spacing height=&#8221;100px&#8221;][gt3_custom_text text_color=&#8221;#565b7a&#8221; font_size=&#8221;12&#8243;]\n[\/gt3_custom_text][gt3_spacing height=&#8221;5px&#8221;][gt3_custom_text text_color=&#8221;#565b7a&#8221; font_size=&#8221;36&#8243; responsive_font=&#8221;true&#8221; font_size_sm_desctop=&#8221;30&#8243; font_size_tablet=&#8221;25&#8243; font_size_mobile=&#8221;20&#8243;]\n<h2 style=\"text-align: center;\"><span style=\"color: #2b3152;\">Wat ass\u00a0<strong>Cartrust<\/strong>?<\/span><\/h2>\n[\/gt3_custom_text][gt3_spacing height=&#8221;24px&#8221;][vc_row_inner][vc_column_inner width=&#8221;5\/6&#8243; offset=&#8221;vc_col-sm-offset-1&#8243;][gt3_custom_text text_color=&#8221;#777b93&#8243; font_size=&#8221;16&#8243; line_height=&#8221;190&#8243;]\n<p style=\"text-align: justify;\">Eng 100 % l\u00ebtzebuergesch Entreprise, 2007 vun dr\u00e4i Autosfanatiker gegr\u00ebnnt d\u00e9i hir Expertise an Erfarung am Ber\u00e4ich vun der (laangz\u00e4it) Locatioun vu Gefierer wollte combin\u00e9iere fir se an e LEASING Projet ze stiechen.<\/p>\n[\/gt3_custom_text][\/vc_column_inner][\/vc_row_inner][gt3_spacing height=&#8221;50px&#8221;][gt3_button button_title=&#8221;Kontakt&#8221; button_size=&#8221;large&#8221; button_alignment=&#8221;center&#8221; btn_border_radius=&#8221;2px&#8221; use_theme_button=&#8221;&#8221; btn_bg_color=&#8221;rgba(255,255,255,0.01)&#8221; btn_text_color=&#8221;#2b3152&#8243; btn_bg_color_hover=&#8221;#9bde75&#8243; btn_text_color_hover=&#8221;#ffffff&#8221; btn_icon_color=&#8221;#ffffff&#8221; btn_icon_color_hover=&#8221;#ffffff&#8221; btn_border_color=&#8221;#9bde75&#8243; btn_border_color_hover=&#8221;#9bde75&#8243; css=&#8221;.vc_custom_1539690117228{margin-bottom: 10px !important;padding-top: 20px !important;padding-right: 45px !important;padding-bottom: 19px !important;padding-left: 45px !important;}&#8221; link=&#8221;url:http%3A%2F%2Fwww.cartrust.lu%2Fqui-sommes-nous%2F|||&#8221; item_el_class=&#8221;btnDemOffre&#8221;][gt3_spacing height=&#8221;90px&#8221; responsive_es=&#8221;true&#8221; height_mobile=&#8221;70&#8243;][\/vc_column][\/vc_row][vc_row full_width=&#8221;stretch_row&#8221; css=&#8221;.vc_custom_1531308344526{background-color: #f8fbff !important;}&#8221;][vc_column width=&#8221;1\/3&#8243;][gt3_spacing height=&#8221;65px&#8221; responsive_es=&#8221;true&#8221; height_mobile=&#8221;40&#8243;][gt3_icon_box icon_type=&#8221;image&#8221; thumbnail=&#8221;3718&#8243; icon_position=&#8221;top&#8221; circle_bg=&#8221;#ffffff&#8221; icon_size=&#8221;huge&#8221; title_tag=&#8221;h2&#8243; iconbox_title_size=&#8221;24&#8243; iconbox_content_size=&#8221;16&#8243; title_color=&#8221;#2b3152&#8243; text_color=&#8221;#777b93&#8243; link_color=&#8221;#5dbafc&#8221; link_hover_color=&#8221;#2b3152&#8243; new_tab=&#8221;&#8221; icon_circle=&#8221;true&#8221; heading=&#8221;Entretien a Reparatur&#8221; text=&#8221;Mir k\u00ebmmeren eis \u00ebm all Interventioun fir \u00c4ren Auto, ob Revisioun, Pann, Pneuewiessel oder soss e Besoin.&#8221;][gt3_spacing height=&#8221;100px&#8221; responsive_es=&#8221;true&#8221; height_mobile=&#8221;20&#8243;][\/vc_column][vc_column width=&#8221;1\/3&#8243;][gt3_spacing height=&#8221;65px&#8221; responsive_es=&#8221;true&#8221; height_mobile=&#8221;20&#8243;][gt3_icon_box icon_type=&#8221;image&#8221; thumbnail=&#8221;3713&#8243; icon_position=&#8221;top&#8221; circle_bg=&#8221;#ffffff&#8221; icon_size=&#8221;huge&#8221; title_tag=&#8221;h2&#8243; iconbox_title_size=&#8221;24&#8243; iconbox_content_size=&#8221;16&#8243; title_color=&#8221;#2b3152&#8243; text_color=&#8221;#777b93&#8243; link_color=&#8221;#5dbafc&#8221; link_hover_color=&#8221;#2b3152&#8243; new_tab=&#8221;&#8221; icon_circle=&#8221;true&#8221; heading=&#8221;Pneuen&#8221; text=&#8221;Aus S\u00e9cherheetsgr\u00ebnn ass et wichteg, adequat fir all Saison equip\u00e9iert ze sinn. Mir k\u00ebmmeren eis beim Saisonswiessel ganz g\u00e4r \u00ebm de Montage vun \u00c4re Wanter- oder Summerpneuen. Fir eise Service z&#8217;optimis\u00e9ieren, k\u00ebnne mir souguer \u00c4ert Gefier op \u00c4r Aarbecht siche kommen an er\u00ebm zer\u00e9ck br\u00e9ngen.&#8221;][gt3_spacing height=&#8221;100px&#8221; responsive_es=&#8221;true&#8221; height_mobile=&#8221;20&#8243;][\/vc_column][vc_column width=&#8221;1\/3&#8243;][gt3_spacing height=&#8221;65px&#8221; responsive_es=&#8221;true&#8221; height_mobile=&#8221;20&#8243;][gt3_icon_box icon_type=&#8221;image&#8221; thumbnail=&#8221;3716&#8243; icon_position=&#8221;top&#8221; circle_bg=&#8221;#ffffff&#8221; icon_size=&#8221;huge&#8221; title_tag=&#8221;h2&#8243; iconbox_title_size=&#8221;24&#8243; iconbox_content_size=&#8221;16&#8243; title_color=&#8221;#2b3152&#8243; text_color=&#8221;#777b93&#8243; link_color=&#8221;#5dbafc&#8221; link_hover_color=&#8221;#2b3152&#8243; new_tab=&#8221;&#8221; icon_circle=&#8221;true&#8221; heading=&#8221;Wat nach?&#8221; url=&#8221;http:\/\/www.cartrust.lu\/services\/&#8221; url_text=&#8221;Entdeckt eis Servicer&#8221;][gt3_spacing height=&#8221;100px&#8221; responsive_es=&#8221;true&#8221; height_mobile=&#8221;80&#8243;][\/vc_column][\/vc_row][vc_row full_width=&#8221;stretch_row&#8221; css=&#8221;.vc_custom_1531207560379{background-image: url(http:\/\/www.cartrust.lu\/wp-content\/uploads\/2018\/07\/New-Project.png?id=3110) !important;background-position: center !important;background-repeat: no-repeat !important;background-size: cover !important;}&#8221;][vc_column][gt3_spacing height=&#8221;25px&#8221;][vc_single_image image=&#8221;1520&#8243; img_size=&#8221;70&#215;70&#8243; alignment=&#8221;center&#8221;][gt3_spacing height=&#8221;15px&#8221;][vc_column_text]\n<h2 style=\"text-align: center;\"><span style=\"color: #ffffff;\"><strong>Eng Offer?<\/strong><\/span><\/h2>\n[\/vc_column_text][gt3_spacing height=&#8221;24px&#8221;][vc_row_inner][vc_column_inner offset=&#8221;vc_col-sm-offset-1&#8243;][gt3_custom_text text_color=&#8221;#ffffff&#8221; font_size=&#8221;29&#8243; line_height=&#8221;110&#8243; responsive_font=&#8221;true&#8221; font_size_tablet=&#8221;20&#8243; font_size_mobile=&#8221;15&#8243;]\n<p style=\"text-align: center;\">Kontakt\u00e9iert eis fir all \u00c4r Ufroen!<\/p>\n[\/gt3_custom_text][\/vc_column_inner][\/vc_row_inner][gt3_spacing height=&#8221;50px&#8221;][gt3_button button_title=&#8221;Kontakt&#8221; button_size=&#8221;large&#8221; button_alignment=&#8221;center&#8221; btn_border_radius=&#8221;2px&#8221; use_theme_button=&#8221;&#8221; btn_bg_color=&#8221;rgba(255,255,255,0.01)&#8221; btn_text_color=&#8221;#ffffff&#8221; btn_bg_color_hover=&#8221;#ffffff&#8221; btn_text_color_hover=&#8221;#2b3152&#8243; btn_icon_color=&#8221;#ffffff&#8221; btn_icon_color_hover=&#8221;#ffffff&#8221; btn_border_color=&#8221;#ffffff&#8221; btn_border_color_hover=&#8221;#ffffff&#8221; css=&#8221;.vc_custom_1539690449516{margin-bottom: 10px !important;padding-top: 20px !important;padding-right: 45px !important;padding-bottom: 19px !important;padding-left: 45px !important;}&#8221; item_el_class=&#8221;btnDemOffre&#8221;][gt3_spacing height=&#8221;60px&#8221; responsive_es=&#8221;true&#8221; height_mobile=&#8221;70&#8243;][\/vc_column][\/vc_row][vc_row][vc_column][gt3_spacing height=&#8221;108px&#8221; responsive_es=&#8221;true&#8221; height_mobile=&#8221;60&#8243;][vc_row_inner][vc_column_inner][gt3_spacing height=&#8221;6px&#8221;][vc_column_text]\n<h2><strong>News<\/strong><\/h2>\n[\/vc_column_text][gt3_spacing height=&#8221;25px&#8221;][\/vc_column_inner][\/vc_row_inner][gt3_spacing height=&#8221;50px&#8221;][gt3_featured_posts view_type=&#8221;type2&#8243; meta_author=&#8221;&#8221; meta_comments=&#8221;&#8221; meta_categories=&#8221;&#8221; post_read_more_link=&#8221;yes&#8221; items_per_line_type2=&#8221;2&#8243; meta_position=&#8221;after_title&#8221; content_letter_count=&#8221;100&#8243; item_el_class=&#8221;featured_blog_post_01&#8243; build_query=&#8221;size:2|order_by:date&#8221;][\/gt3_featured_posts][gt3_spacing height=&#8221;48px&#8221;][gt3_button button_title=&#8221;Weider Noriichten&#8221; button_alignment=&#8221;center&#8221; use_theme_fonts_button=&#8221;&#8221; google_fonts_button=&#8221;font_family:Montserrat%3Aregular%2C700|font_style:400%20regular%3A400%3Anormal&#8221; btn_font_size=&#8221;20&#8243; use_theme_button=&#8221;&#8221; btn_bg_color=&#8221;rgba(255,255,255,0.01)&#8221; btn_text_color=&#8221;#74b84d&#8221; btn_bg_color_hover=&#8221;#9bde75&#8243; btn_text_color_hover=&#8221;#ffffff&#8221; btn_icon_color=&#8221;#ffffff&#8221; btn_icon_color_hover=&#8221;#ffffff&#8221; btn_border_color=&#8221;#9bde75&#8243; btn_border_color_hover=&#8221;#9bde75&#8243; link=&#8221;url:http%3A%2F%2Fwww.cartrust.lu%2Fnews%2F|||&#8221; item_el_class=&#8221;btnMoreNews&#8221;][gt3_spacing height=&#8221;90px&#8221;][\/vc_column][\/vc_row][vc_row full_width=&#8221;stretch_row_content&#8221; equal_height=&#8221;yes&#8221; content_placement=&#8221;middle&#8221; el_class=&#8221;contact-form&#8221;][vc_column css_animation=&#8221;none&#8221; width=&#8221;1\/2&#8243; css=&#8221;.vc_custom_1538994099157{padding-top: 87px !important;padding-right: 10% !important;padding-left: 10% !important;background-color: #8bd06a !important;background-position: center !important;background-repeat: no-repeat !important;background-size: cover !important;}&#8221;][vc_row_inner][vc_column_inner width=&#8221;1\/4&#8243; offset=&#8221;vc_hidden-md vc_hidden-sm vc_hidden-xs&#8221;][\/vc_column_inner][vc_column_inner offset=&#8221;vc_col-lg-9 vc_col-md-12&#8243;][vc_text_separator title=&#8221;Leasing made smarter&#8221; title_align=&#8221;separator_align_right&#8221; align=&#8221;align_left&#8221; color=&#8221;white&#8221; el_width=&#8221;40&#8243; text_separator_custom_color=&#8221;yes&#8221; text_separator_custom_color_value=&#8221;#ffffff&#8221;][gt3_spacing height=&#8221;6px&#8221;][vc_column_text]\n<h3><span style=\"color: #ffffff;\">Kontakt\u00e9iert <strong>Cartrust<\/strong><\/span><\/h3>\n[\/vc_column_text][vc_empty_space height=&#8221;25px&#8221;][gt3_custom_text text_color=&#8221;#ffffff&#8221; font_size=&#8221;14&#8243; line_height=&#8221;175&#8243;]Mir schw\u00e4tze L\u00ebtzebuerg\u00ebsch, Frans\u00e9isch, Englesch, D\u00e4itsch a Portugiesesch.[\/gt3_custom_text][vc_empty_space height=&#8221;39px&#8221;]<div role=\"form\" class=\"wpcf7\" id=\"wpcf7-f309-o4\" lang=\"en-US\" dir=\"ltr\">\n<div class=\"screen-reader-response\"><\/div>\n<form action=\"\/lu\/wp-json\/wp\/v2\/pages\/3120#wpcf7-f309-o4\" method=\"post\" class=\"wpcf7-form\" enctype=\"multipart\/form-data\" novalidate=\"novalidate\">\n<div style=\"display: none;\">\n<input type=\"hidden\" name=\"_wpcf7\" value=\"309\" \/>\n<input type=\"hidden\" name=\"_wpcf7_version\" value=\"5.0.3\" \/>\n<input type=\"hidden\" name=\"_wpcf7_locale\" value=\"en_US\" \/>\n<input type=\"hidden\" name=\"_wpcf7_unit_tag\" value=\"wpcf7-f309-o4\" \/>\n<input type=\"hidden\" name=\"_wpcf7_container_post\" value=\"0\" \/>\n<\/div>\n<div class=\"gt3-form_on-dark-bg\"><!-- class gt3-form_on-dark-bg needed for contact form on dark background --><br \/>\n<label><span class=\"wpcf7-form-control-wrap recipient\"><select name=\"recipient\" class=\"wpcf7-form-control wpcf7-select wpcf7-validates-as-required\" aria-required=\"true\" aria-invalid=\"false\"><option value=\"Info\/Fro\">Info\/Fro<\/option><option value=\"Ufro fir eng Offer\">Ufro fir eng Offer<\/option><option value=\"Accident\/Schued\">Accident\/Schued<\/option><\/select><\/span><\/label><label><span class=\"wpcf7-form-control-wrap Name\"><input type=\"text\" name=\"Name\" value=\"\" size=\"40\" class=\"wpcf7-form-control wpcf7-text wpcf7-validates-as-required\" aria-required=\"true\" aria-invalid=\"false\" placeholder=\"Numm*\" \/><\/span><\/label><label><span class=\"wpcf7-form-control-wrap your-email\"><input type=\"email\" name=\"your-email\" value=\"\" size=\"40\" class=\"wpcf7-form-control wpcf7-text wpcf7-email wpcf7-validates-as-required wpcf7-validates-as-email\" aria-required=\"true\" aria-invalid=\"false\" placeholder=\"Email*\" \/><\/span><\/label><label><span class=\"wpcf7-form-control-wrap Subject\"><input type=\"text\" name=\"Subject\" value=\"\" size=\"40\" class=\"wpcf7-form-control wpcf7-text\" aria-invalid=\"false\" placeholder=\"Sujet\" \/><\/span><\/label><label><span class=\"wpcf7-form-control-wrap your-message\"><textarea name=\"your-message\" cols=\"40\" rows=\"3\" class=\"wpcf7-form-control wpcf7-textarea\" aria-invalid=\"false\" placeholder=\"Message\"><\/textarea><\/span><\/label><label>\n<div id=\"gdpr-text\"><span class=\"wpcf7-form-control-wrap gdpr\"><span class=\"wpcf7-form-control wpcf7-acceptance\"><span class=\"wpcf7-list-item\"><label><input type=\"checkbox\" name=\"gdpr\" value=\"1\" aria-invalid=\"false\" \/><span class=\"wpcf7-list-item-label\">Ech sinn averstaan, dass d\u00ebse Formul\u00e4r meng Daten h\u00ebllt fir kontakt\u00e9iert ze ginn. Fir m\u00e9i Informatiounen: <a href=\"\/politique-de-confidentialite\/\" target=\"_blank\">Dateschutz Politik<\/a>.<\/span><\/label><\/span><\/span><\/span><\/div>\n<p><\/label><label><span class=\"wpcf7-form-control-wrap file\"><input type=\"file\" name=\"file\" size=\"40\" class=\"wpcf7-form-control wpcf7-file\" accept=\".jpg,.jpeg,.png,.gif,.pdf,.doc,.docx,.ppt,.pptx,.odt,.avi,.ogg,.m4a,.mov,.mp3,.mp4,.mpg,.wav,.wmv\" aria-invalid=\"false\" \/><\/span><\/label>\n<div class=\"wpcf7-form-control-wrap\"><div data-sitekey=\"6LdQ3pMiAAAAAJ-v0Oue3Aa0AOL1eD34uRRuwEW7\" class=\"wpcf7-form-control g-recaptcha wpcf7-recaptcha\"><\/div>\n<noscript>\n\t<div style=\"width: 302px; height: 422px;\">\n\t\t<div style=\"width: 302px; height: 422px; position: relative;\">\n\t\t\t<div style=\"width: 302px; height: 422px; position: absolute;\">\n\t\t\t\t<iframe src=\"https:\/\/www.google.com\/recaptcha\/api\/fallback?k=6LdQ3pMiAAAAAJ-v0Oue3Aa0AOL1eD34uRRuwEW7\" frameborder=\"0\" scrolling=\"no\" style=\"width: 302px; height:422px; border-style: none;\">\n\t\t\t\t<\/iframe>\n\t\t\t<\/div>\n\t\t\t<div style=\"width: 300px; height: 60px; border-style: none; bottom: 12px; left: 25px; margin: 0px; padding: 0px; right: 25px; background: #f9f9f9; border: 1px solid #c1c1c1; border-radius: 3px;\">\n\t\t\t\t<textarea id=\"g-recaptcha-response\" name=\"g-recaptcha-response\" class=\"g-recaptcha-response\" style=\"width: 250px; height: 40px; border: 1px solid #c1c1c1; margin: 10px 25px; padding: 0px; resize: none;\">\n\t\t\t\t<\/textarea>\n\t\t\t<\/div>\n\t\t<\/div>\n\t<\/div>\n<\/noscript>\n<\/div>\n<p><label class=\"gt3-form_on-dark-btn\"><span class=\"gt3-form_on-dark-btn-wrapp\"><input type=\"submit\" value=\"Sch\u00e9cken\" class=\"wpcf7-form-control wpcf7-submit\" \/><\/span><\/label><\/div>\n<div class=\"wpcf7-response-output wpcf7-display-none\"><\/div><\/form><\/div>[vc_empty_space height=&#8221;30px&#8221;][\/vc_column_inner][\/vc_row_inner][\/vc_column][vc_column css_animation=&#8221;none&#8221; width=&#8221;1\/2&#8243; css=&#8221;.vc_custom_1525178479646{padding-top: 0px !important;padding-right: 10% !important;padding-bottom: 0px !important;padding-left: 10% !important;background-image: url(https:\/\/livewp.site\/wp\/md\/sunergy\/wp-content\/uploads\/sites\/2\/2018\/02\/hover_box_img_04.jpg?id=1481) !important;background-position: center !important;background-repeat: no-repeat !important;background-size: cover !important;}&#8221;][vc_row_inner css=&#8221;.vc_custom_1485416907818{padding-top: 50px !important;padding-bottom: 50px !important;}&#8221;][vc_column_inner offset=&#8221;vc_col-lg-10&#8243;][vc_empty_space height=&#8221;65px&#8221;][gt3_custom_text text_color=&#8221;#293642&#8243; font_size=&#8221;36&#8243; line_height=&#8221;110&#8243;]\n<h2 style=\"text-align: center;\"><strong>Rufft eis un<\/strong><\/h2>\n[\/gt3_custom_text][vc_empty_space height=&#8221;30px&#8221;][gt3_custom_text text_color=&#8221;#74b84d&#8221; font_size=&#8221;55&#8243; line_height=&#8221;110&#8243; responsive_font=&#8221;true&#8221; font_size_tablet=&#8221;35&#8243; font_size_sm_desctop=&#8221;45&#8243; font_size_mobile=&#8221;30&#8243;]\n<p class=\"phone-number\" style=\"text-align: center;\">(+352) 26 34 35 &#8211; 1<\/p>\n[\/gt3_custom_text][vc_empty_space height=&#8221;50px&#8221;][\/vc_column_inner][\/vc_row_inner][\/vc_column][\/vc_row]","protected":false},"excerpt":{"rendered":"<p>[vc_row full_width=&#8221;stretch_row&#8221; full_height=&#8221;yes&#8221; css=&#8221;.vc_custom_1539848578535{margin-top: -80px !important;background-image: url(http:\/\/www.cartrust.lu\/wp-content\/uploads\/2018\/07\/home.jpg?id=3649) !important;background-position: center !important;background-repeat: no-repeat !important;background-size: cover !important;}&#8221; el_id=&#8221;home-header&#8221;][vc_column][gt3_custom_text text_color=&#8221;#ffffff&#8221; font_size=&#8221;18&#8243; use_theme_fonts=&#8221;&#8221; google_fonts_text=&#8221;font_family:Montserrat%3Aregular%2C700|font_style:400%20regular%3A400%3Anormal&#8221;]Leasing made smarter[\/gt3_custom_text][gt3_spacing height=&#8221;20px&#8221;][gt3_custom_text text_color=&#8221;#ffffff&#8221; font_size=&#8221;50&#8243; responsive_font=&#8221;true&#8221; font_size_tablet=&#8221;40&#8243; font_size_mobile=&#8221;26&#8243;]L\u00ebtzebuerger Spezialist am Autosleasing[\/gt3_custom_text][gt3_spacing height=&#8221;40px&#8221;][gt3_button button_title=&#8221;Ze verkafen &#8221; btn_font_size=&#8221;15&#8243; use_theme_button=&#8221;&#8221; btn_bg_color=&#8221;#ffffff&#8221; btn_text_color=&#8221;#2b3152&#8243; btn_bg_color_hover=&#8221;rgba(255,255,255,0.01)&#8221; btn_text_color_hover=&#8221;#ffffff&#8221; btn_icon_color=&#8221;#ffffff&#8221; btn_icon_color_hover=&#8221;#ffffff&#8221; btn_border_color=&#8221;#ffffff&#8221; btn_border_color_hover=&#8221;#ffffff&#8221; link=&#8221;url:http%3A%2F%2Fwww.cartrust.lu%2Fnos-occasions%2F|||&#8221;][gt3_button button_title=&#8221;Ufroo fir eng Offer&#8221; btn_font_size=&#8221;15&#8243; use_theme_button=&#8221;&#8221; btn_bg_color=&#8221;rgba(255,255,255,0.01)&#8221; btn_text_color=&#8221;#ffffff&#8221; btn_bg_color_hover=&#8221;#ffffff&#8221; btn_text_color_hover=&#8221;#2b3152&#8243; [&hellip;]<\/p>\n","protected":false},"author":1,"featured_media":0,"parent":0,"menu_order":0,"comment_status":"closed","ping_status":"closed","template":"full-width.php","meta":{"footnotes":""},"class_list":["post-3120","page","type-page","status-publish","hentry"],"_links":{"self":[{"href":"http:\/\/www.cartrust.lu\/lu\/wp-json\/wp\/v2\/pages\/3120","targetHints":{"allow":["GET"]}}],"collection":[{"href":"http:\/\/www.cartrust.lu\/lu\/wp-json\/wp\/v2\/pages"}],"about":[{"href":"http:\/\/www.cartrust.lu\/lu\/wp-json\/wp\/v2\/types\/page"}],"author":[{"embeddable":true,"href":"http:\/\/www.cartrust.lu\/lu\/wp-json\/wp\/v2\/users\/1"}],"replies":[{"embeddable":true,"href":"http:\/\/www.cartrust.lu\/lu\/wp-json\/wp\/v2\/comments?post=3120"}],"version-history":[{"count":179,"href":"http:\/\/www.cartrust.lu\/lu\/wp-json\/wp\/v2\/pages\/3120\/revisions"}],"predecessor-version":[{"id":5029,"href":"http:\/\/www.cartrust.lu\/lu\/wp-json\/wp\/v2\/pages\/3120\/revisions\/5029"}],"wp:attachment":[{"href":"http:\/\/www.cartrust.lu\/lu\/wp-json\/wp\/v2\/media?parent=3120"}],"curies":[{"name":"wp","href":"https:\/\/api.w.org\/{rel}","templated":true}]}}