{"id":3051,"date":"2018-07-09T12:38:07","date_gmt":"2018-07-09T10:38:07","guid":{"rendered":"http:\/\/www.cartrust.lu\/?page_id=3051"},"modified":"2026-01-13T15:00:15","modified_gmt":"2026-01-13T14:00:15","slug":"qui-sommes-nous","status":"publish","type":"page","link":"http:\/\/www.cartrust.lu\/lu\/qui-sommes-nous\/","title":{"rendered":"Iwwert ons"},"content":{"rendered":"[vc_row full_width=&#8221;stretch_row&#8221; content_placement=&#8221;middle&#8221; css=&#8221;.vc_custom_1539848842144{background-image: url(http:\/\/www.cartrust.lu\/wp-content\/uploads\/2018\/10\/home-small.jpg?id=3934) !important;background-position: center !important;background-repeat: no-repeat !important;background-size: cover !important;}&#8221; el_id=&#8221;page-header&#8221;][vc_column][gt3_custom_text text_color=&#8221;#ffffff&#8221; font_size=&#8221;48&#8243; use_theme_fonts=&#8221;&#8221; google_fonts_text=&#8221;font_family:Montserrat%3Aregular%2C700|font_style:700%20bold%20regular%3A700%3Anormal&#8221; responsive_font=&#8221;true&#8221; font_size_sm_desctop=&#8221;40&#8243; font_size_tablet=&#8221;35&#8243; font_size_mobile=&#8221;28&#8243;]IWWERT ONS<\/p>\n[\/gt3_custom_text][\/vc_column][\/vc_row][vc_row][vc_column][gt3_spacing height=&#8221;80px&#8221;][\/vc_column][\/vc_row][vc_row][vc_column width=&#8221;1\/2&#8243; css=&#8221;.vc_custom_1524482790639{padding-right: 12% !important;}&#8221;][gt3_spacing height=&#8221;45px&#8221; responsive_es=&#8221;true&#8221; height_mobile=&#8221;30&#8243;][vc_text_separator title=&#8221;Infoen iwwer Cartrust&#8221; title_align=&#8221;separator_align_right&#8221; align=&#8221;align_left&#8221; color=&#8221;custom&#8221; el_width=&#8221;60&#8243; text_separator_custom_color=&#8221;yes&#8221; text_separator_custom_color_value=&#8221;#565b7a&#8221; accent_color=&#8221;#5dbafc&#8221;][gt3_spacing height=&#8221;6px&#8221;][gt3_spacing height=&#8221;24px&#8221;][gt3_custom_text text_color=&#8221;#777b93&#8243; font_size=&#8221;16&#8243; line_height=&#8221;190&#8243;]\n<p style=\"text-align: justify;\">Cartrust ass eng 100 % l\u00ebtzebuergesch Entreprise d\u00e9i 2007 vun dr\u00e4i Autosfanatiker gegr\u00ebnnt gouf. Si wollten hir Expertise an Erfarung am Ber\u00e4ich vun der (laangz\u00e4it) Locatioun vu Gefierer combin\u00e9iere fir se an e LEASING Projet ze stiechen.<\/p>\n<p>Am Laf vun der Z\u00e4it huet sech eng staark Equipe vu qualifiz\u00e9ierten Experten entw\u00e9ckelt. Eis Mataarbechter engag\u00e9iere sech fir reaktiv op \u00c4r Besoinen anzegoen an d\u00e9i bescht L\u00e9isung ze fannen. Ob berufflech oder privat \u2013 jiddweree br\u00e9ngt \u00ebnnerschiddlech Erwaardunge mat, an et ass eis Aufgab, d\u00ebs optimal ze erf\u00ebllen.<\/p>\n<p>Ob operationellen, finanziellen oder semi-operationelle Leasing \u2013 mir iwwerhuelen de komplette Prozess, vun der Umeldung bis hin zum eventuelle Verkaf.<\/p>\n<p>Well eis Clienten eis h\u00e9chste Priorit\u00e9it sinn, lee\u00eb mir grousse W\u00e4ert op Disponibilit\u00e9it, Flexibilit\u00e9it a s\u00e9ier Reaktiounen. Eise staarke service client ass eis K\u00e4rkompetenz!<\/p>\n<p><strong>Setzt \u00c4ert Vertrauen a Cartrust a schl\u00e9isst Iech eiser wuessender Gemeinschaft vu begeeschterte Clienten un!<\/strong><\/p>\n<p style=\"text-align: justify;\">[\/gt3_custom_text][gt3_spacing height=&#8221;30px&#8221;][\/vc_column][vc_column width=&#8221;1\/2&#8243;][vc_single_image image=&#8221;3190&#8243; img_size=&#8221;full&#8221;][gt3_spacing height=&#8221;40px&#8221;][\/vc_column][\/vc_row][vc_row][vc_column][gt3_spacing height=&#8221;55px&#8221; responsive_es=&#8221;true&#8221; height_tablet=&#8221;20&#8243; height_mobile=&#8221;20&#8243;][\/vc_column][\/vc_row][vc_row][vc_column width=&#8221;1\/4&#8243;][gt3_counter icon_type=&#8221;image&#8221; image=&#8221;1522&#8243; img_width=&#8221;39&#8243; counter_title=&#8221;Jo\u00ebr Erfahrung&#8221; counter_value=&#8221;20&#8243; counter_suffix=&#8221;+&#8221; counter_value_color=&#8221;#2b3152&#8243; title_color=&#8221;#777b93&#8243;][gt3_spacing height=&#8221;50px&#8221;][\/vc_column][vc_column width=&#8221;1\/4&#8243;][gt3_counter icon_type=&#8221;image&#8221; image=&#8221;1525&#8243; img_width=&#8221;44&#8243; counter_title=&#8221;Gesch\u00e4ftspartner&#8221; counter_value=&#8221;47&#8243; counter_suffix=&#8221;+&#8221; counter_value_color=&#8221;#2b3152&#8243; title_color=&#8221;#777b93&#8243;][gt3_spacing height=&#8221;50px&#8221;][\/vc_column][\/vc_row][vc_row css=&#8221;.vc_custom_1531318818037{background-color: #f8fbff !important;}&#8221;][vc_column][gt3_spacing height=&#8221;30px&#8221; responsive_es=&#8221;true&#8221; height_tablet=&#8221;70&#8243; height_mobile=&#8221;70&#8243;][vc_row_inner][vc_column_inner width=&#8221;5\/6&#8243;][gt3_custom_text text_color=&#8221;#2b3152&#8243; font_size=&#8221;36&#8243; responsive_font=&#8221;true&#8221; font_size_sm_desctop=&#8221;30&#8243; font_size_tablet=&#8221;25&#8243; font_size_mobile=&#8221;20&#8243;]\n<h2 id=\"tw-target-text\" class=\"tw-data-text tw-ta tw-text-large\" dir=\"ltr\" data-placeholder=\"Traduction\"><strong><span lang=\"lb\">Eis \u00c9quipe<\/span><\/strong><\/h2>\n[\/gt3_custom_text][gt3_spacing height=&#8221;25px&#8221;][gt3_spacing height=&#8221;44px&#8221;][\/vc_column_inner][\/vc_row_inner][gt3_team use_filter=&#8221;&#8221; posts_per_line=&#8221;3&#8243; grid_gap=&#8221;30px&#8221; build_query=&#8221;size:All|order_by:menu_order|order:DESC&#8221;][gt3_spacing height=&#8221;30px&#8221;][\/vc_column][\/vc_row][vc_row full_width=&#8221;stretch_row_content&#8221; equal_height=&#8221;yes&#8221; content_placement=&#8221;middle&#8221;][vc_column css_animation=&#8221;none&#8221; width=&#8221;1\/2&#8243; css=&#8221;.vc_custom_1538994323932{padding-top: 87px !important;padding-right: 10% !important;padding-left: 10% !important;background-color: #8bd06a !important;background-position: center !important;background-repeat: no-repeat !important;background-size: cover !important;}&#8221;][vc_row_inner][vc_column_inner width=&#8221;1\/4&#8243; offset=&#8221;vc_hidden-md vc_hidden-sm vc_hidden-xs&#8221;][\/vc_column_inner][vc_column_inner offset=&#8221;vc_col-lg-9 vc_col-md-12&#8243;][vc_text_separator title=&#8221;Mir schaffen fir Iech&#8221; title_align=&#8221;separator_align_right&#8221; align=&#8221;align_left&#8221; color=&#8221;white&#8221; el_width=&#8221;40&#8243; text_separator_custom_color=&#8221;yes&#8221; text_separator_custom_color_value=&#8221;#ffffff&#8221;][gt3_spacing height=&#8221;6px&#8221;][vc_column_text]\n<h2><span style=\"color: #ffffff;\">Kontakt\u00e9iert <strong>Cartrust<\/strong><\/span><\/h2>\n[\/vc_column_text][vc_empty_space height=&#8221;25px&#8221;][gt3_custom_text text_color=&#8221;#ffffff&#8221; font_size=&#8221;14&#8243; line_height=&#8221;175&#8243;]Mir fanne s\u00e9cher d\u00e9i L\u00e9isung, d\u00e9i Dir braucht[\/gt3_custom_text][vc_empty_space height=&#8221;39px&#8221;]<div role=\"form\" class=\"wpcf7\" id=\"wpcf7-f309-o4\" lang=\"en-US\" dir=\"ltr\">\n<div class=\"screen-reader-response\"><\/div>\n<form action=\"\/lu\/wp-json\/wp\/v2\/pages\/3051#wpcf7-f309-o4\" method=\"post\" class=\"wpcf7-form\" enctype=\"multipart\/form-data\" novalidate=\"novalidate\">\n<div style=\"display: none;\">\n<input type=\"hidden\" name=\"_wpcf7\" value=\"309\" \/>\n<input type=\"hidden\" name=\"_wpcf7_version\" value=\"5.0.3\" \/>\n<input type=\"hidden\" name=\"_wpcf7_locale\" value=\"en_US\" \/>\n<input type=\"hidden\" name=\"_wpcf7_unit_tag\" value=\"wpcf7-f309-o4\" \/>\n<input type=\"hidden\" name=\"_wpcf7_container_post\" value=\"0\" \/>\n<\/div>\n<div class=\"gt3-form_on-dark-bg\"><!-- class gt3-form_on-dark-bg needed for contact form on dark background --><br \/>\n<label><span class=\"wpcf7-form-control-wrap recipient\"><select name=\"recipient\" class=\"wpcf7-form-control wpcf7-select wpcf7-validates-as-required\" aria-required=\"true\" aria-invalid=\"false\"><option value=\"Info\/Fro\">Info\/Fro<\/option><option value=\"Ufro fir eng Offer\">Ufro fir eng Offer<\/option><option value=\"Accident\/Schued\">Accident\/Schued<\/option><\/select><\/span><\/label><label><span class=\"wpcf7-form-control-wrap Name\"><input type=\"text\" name=\"Name\" value=\"\" size=\"40\" class=\"wpcf7-form-control wpcf7-text wpcf7-validates-as-required\" aria-required=\"true\" aria-invalid=\"false\" placeholder=\"Numm*\" \/><\/span><\/label><label><span class=\"wpcf7-form-control-wrap your-email\"><input type=\"email\" name=\"your-email\" value=\"\" size=\"40\" class=\"wpcf7-form-control wpcf7-text wpcf7-email wpcf7-validates-as-required wpcf7-validates-as-email\" aria-required=\"true\" aria-invalid=\"false\" placeholder=\"Email*\" \/><\/span><\/label><label><span class=\"wpcf7-form-control-wrap Subject\"><input type=\"text\" name=\"Subject\" value=\"\" size=\"40\" class=\"wpcf7-form-control wpcf7-text\" aria-invalid=\"false\" placeholder=\"Sujet\" \/><\/span><\/label><label><span class=\"wpcf7-form-control-wrap your-message\"><textarea name=\"your-message\" cols=\"40\" rows=\"3\" class=\"wpcf7-form-control wpcf7-textarea\" aria-invalid=\"false\" placeholder=\"Message\"><\/textarea><\/span><\/label><label>\n<div id=\"gdpr-text\"><span class=\"wpcf7-form-control-wrap gdpr\"><span class=\"wpcf7-form-control wpcf7-acceptance\"><span class=\"wpcf7-list-item\"><label><input type=\"checkbox\" name=\"gdpr\" value=\"1\" aria-invalid=\"false\" \/><span class=\"wpcf7-list-item-label\">Ech sinn averstaan, dass d\u00ebse Formul\u00e4r meng Daten h\u00ebllt fir kontakt\u00e9iert ze ginn. Fir m\u00e9i Informatiounen: <a href=\"\/politique-de-confidentialite\/\" target=\"_blank\">Dateschutz Politik<\/a>.<\/span><\/label><\/span><\/span><\/span><\/div>\n<p><\/label><label><span class=\"wpcf7-form-control-wrap file\"><input type=\"file\" name=\"file\" size=\"40\" class=\"wpcf7-form-control wpcf7-file\" accept=\".jpg,.jpeg,.png,.gif,.pdf,.doc,.docx,.ppt,.pptx,.odt,.avi,.ogg,.m4a,.mov,.mp3,.mp4,.mpg,.wav,.wmv\" aria-invalid=\"false\" \/><\/span><\/label>\n<div class=\"wpcf7-form-control-wrap\"><div data-sitekey=\"6LdQ3pMiAAAAAJ-v0Oue3Aa0AOL1eD34uRRuwEW7\" class=\"wpcf7-form-control g-recaptcha wpcf7-recaptcha\"><\/div>\n<noscript>\n\t<div style=\"width: 302px; height: 422px;\">\n\t\t<div style=\"width: 302px; height: 422px; position: relative;\">\n\t\t\t<div style=\"width: 302px; height: 422px; position: absolute;\">\n\t\t\t\t<iframe src=\"https:\/\/www.google.com\/recaptcha\/api\/fallback?k=6LdQ3pMiAAAAAJ-v0Oue3Aa0AOL1eD34uRRuwEW7\" frameborder=\"0\" scrolling=\"no\" style=\"width: 302px; height:422px; border-style: none;\">\n\t\t\t\t<\/iframe>\n\t\t\t<\/div>\n\t\t\t<div style=\"width: 300px; height: 60px; border-style: none; bottom: 12px; left: 25px; margin: 0px; padding: 0px; right: 25px; background: #f9f9f9; border: 1px solid #c1c1c1; border-radius: 3px;\">\n\t\t\t\t<textarea id=\"g-recaptcha-response\" name=\"g-recaptcha-response\" class=\"g-recaptcha-response\" style=\"width: 250px; height: 40px; border: 1px solid #c1c1c1; margin: 10px 25px; padding: 0px; resize: none;\">\n\t\t\t\t<\/textarea>\n\t\t\t<\/div>\n\t\t<\/div>\n\t<\/div>\n<\/noscript>\n<\/div>\n<p><label class=\"gt3-form_on-dark-btn\"><span class=\"gt3-form_on-dark-btn-wrapp\"><input type=\"submit\" value=\"Sch\u00e9cken\" class=\"wpcf7-form-control wpcf7-submit\" \/><\/span><\/label><\/div>\n<div class=\"wpcf7-response-output wpcf7-display-none\"><\/div><\/form><\/div>[vc_empty_space height=&#8221;30px&#8221;][\/vc_column_inner][\/vc_row_inner][\/vc_column][vc_column css_animation=&#8221;none&#8221; width=&#8221;1\/2&#8243; css=&#8221;.vc_custom_1525178479646{padding-top: 0px !important;padding-right: 10% !important;padding-bottom: 0px !important;padding-left: 10% !important;background-image: url(https:\/\/livewp.site\/wp\/md\/sunergy\/wp-content\/uploads\/sites\/2\/2018\/02\/hover_box_img_04.jpg?id=1481) !important;background-position: center !important;background-repeat: no-repeat !important;background-size: cover !important;}&#8221;][vc_row_inner css=&#8221;.vc_custom_1485416907818{padding-top: 50px !important;padding-bottom: 50px !important;}&#8221;][vc_column_inner offset=&#8221;vc_col-lg-10&#8243;][vc_empty_space height=&#8221;65px&#8221;][gt3_custom_text text_color=&#8221;#293642&#8243; font_size=&#8221;36&#8243; line_height=&#8221;110&#8243;]\n<h2 style=\"text-align: center;\"><strong>Call Eis<\/strong><\/h2>\n[\/gt3_custom_text][vc_empty_space height=&#8221;30px&#8221;][gt3_custom_text text_color=&#8221;#74b84d&#8221; font_size=&#8221;55&#8243; line_height=&#8221;110&#8243; responsive_font=&#8221;true&#8221; font_size_tablet=&#8221;35&#8243; font_size_sm_desctop=&#8221;45&#8243; font_size_mobile=&#8221;30&#8243;]\n<p class=\"phone-number\" style=\"text-align: center;\">(+352) 26 34 35 &#8211; 1<\/p>\n[\/gt3_custom_text][vc_empty_space height=&#8221;50px&#8221;][\/vc_column_inner][\/vc_row_inner][\/vc_column][\/vc_row]","protected":false},"excerpt":{"rendered":"<p>[vc_row full_width=&#8221;stretch_row&#8221; content_placement=&#8221;middle&#8221; css=&#8221;.vc_custom_1539848842144{background-image: url(http:\/\/www.cartrust.lu\/wp-content\/uploads\/2018\/10\/home-small.jpg?id=3934) !important;background-position: center !important;background-repeat: no-repeat !important;background-size: cover !important;}&#8221; el_id=&#8221;page-header&#8221;][vc_column][gt3_custom_text text_color=&#8221;#ffffff&#8221; font_size=&#8221;48&#8243; use_theme_fonts=&#8221;&#8221; google_fonts_text=&#8221;font_family:Montserrat%3Aregular%2C700|font_style:700%20bold%20regular%3A700%3Anormal&#8221; responsive_font=&#8221;true&#8221; font_size_sm_desctop=&#8221;40&#8243; font_size_tablet=&#8221;35&#8243; font_size_mobile=&#8221;28&#8243;]IWWERT ONS [\/gt3_custom_text][\/vc_column][\/vc_row][vc_row][vc_column][gt3_spacing height=&#8221;80px&#8221;][\/vc_column][\/vc_row][vc_row][vc_column width=&#8221;1\/2&#8243; css=&#8221;.vc_custom_1524482790639{padding-right: 12% !important;}&#8221;][gt3_spacing height=&#8221;45px&#8221; responsive_es=&#8221;true&#8221; height_mobile=&#8221;30&#8243;][vc_text_separator title=&#8221;Infoen iwwer Cartrust&#8221; title_align=&#8221;separator_align_right&#8221; align=&#8221;align_left&#8221; color=&#8221;custom&#8221; el_width=&#8221;60&#8243; text_separator_custom_color=&#8221;yes&#8221; text_separator_custom_color_value=&#8221;#565b7a&#8221; accent_color=&#8221;#5dbafc&#8221;][gt3_spacing height=&#8221;6px&#8221;][gt3_spacing height=&#8221;24px&#8221;][gt3_custom_text text_color=&#8221;#777b93&#8243; font_size=&#8221;16&#8243; line_height=&#8221;190&#8243;] Cartrust ass eng 100 % l\u00ebtzebuergesch Entreprise d\u00e9i 2007 [&hellip;]<\/p>\n","protected":false},"author":1,"featured_media":5143,"parent":0,"menu_order":0,"comment_status":"closed","ping_status":"closed","template":"full-width.php","meta":{"footnotes":""},"class_list":["post-3051","page","type-page","status-publish","has-post-thumbnail","hentry"],"_links":{"self":[{"href":"http:\/\/www.cartrust.lu\/lu\/wp-json\/wp\/v2\/pages\/3051","targetHints":{"allow":["GET"]}}],"collection":[{"href":"http:\/\/www.cartrust.lu\/lu\/wp-json\/wp\/v2\/pages"}],"about":[{"href":"http:\/\/www.cartrust.lu\/lu\/wp-json\/wp\/v2\/types\/page"}],"author":[{"embeddable":true,"href":"http:\/\/www.cartrust.lu\/lu\/wp-json\/wp\/v2\/users\/1"}],"replies":[{"embeddable":true,"href":"http:\/\/www.cartrust.lu\/lu\/wp-json\/wp\/v2\/comments?post=3051"}],"version-history":[{"count":89,"href":"http:\/\/www.cartrust.lu\/lu\/wp-json\/wp\/v2\/pages\/3051\/revisions"}],"predecessor-version":[{"id":5146,"href":"http:\/\/www.cartrust.lu\/lu\/wp-json\/wp\/v2\/pages\/3051\/revisions\/5146"}],"wp:featuredmedia":[{"embeddable":true,"href":"http:\/\/www.cartrust.lu\/lu\/wp-json\/wp\/v2\/media\/5143"}],"wp:attachment":[{"href":"http:\/\/www.cartrust.lu\/lu\/wp-json\/wp\/v2\/media?parent=3051"}],"curies":[{"name":"wp","href":"https:\/\/api.w.org\/{rel}","templated":true}]}}