{"id":3289,"date":"2018-07-13T11:53:54","date_gmt":"2018-07-13T09:53:54","guid":{"rendered":"http:\/\/www.cartrust.lu\/?page_id=3289"},"modified":"2026-01-13T14:57:56","modified_gmt":"2026-01-13T13:57:56","slug":"politique-de-confidentialite","status":"publish","type":"page","link":"http:\/\/www.cartrust.lu\/de\/politique-de-confidentialite\/","title":{"rendered":"Dateschutzbest\u00ebmmungen"},"content":{"rendered":"[vc_row full_width=&#8220;stretch_row&#8220; content_placement=&#8220;middle&#8220; css=&#8220;.vc_custom_1539849562500{background-image: url(http:\/\/www.cartrust.lu\/wp-content\/uploads\/2018\/10\/home-small.jpg?id=3934) !important;background-position: center !important;background-repeat: no-repeat !important;background-size: cover !important;}&#8220; el_id=&#8220;page-header&#8220;][vc_column][gt3_custom_text text_color=&#8220;#ffffff&#8220; font_size=&#8220;48&#8243; use_theme_fonts=&#8220;&#8220; google_fonts_text=&#8220;font_family:Montserrat%3Aregular%2C700|font_style:700%20bold%20regular%3A700%3Anormal&#8220; responsive_font=&#8220;true&#8220; font_size_sm_desctop=&#8220;40&#8243; font_size_tablet=&#8220;35&#8243; font_size_mobile=&#8220;28&#8243;]Dateschutzbest\u00ebmmungen[\/gt3_custom_text][gt3_spacing height=&#8220;50px&#8220;][\/vc_column][\/vc_row][vc_row][vc_column][gt3_spacing height=&#8220;80px&#8220;][vc_column_text]<strong>Informationen \u00fcber CARTRUST SA<\/strong><\/p>\n<p>CARTRUST SA, eine Aktiengesellschaft mit Sitz in 7 Route de Tr\u00e8ves, L-2632 Findel, eingetragen im Handels- und Gesellschaftsregister des Gro\u00dfherzogtums Luxemburg unter der Nummer Lux B 125 189, handelnd unter dem Handelsnamen CARTRUST SA (im Folgenden bezeichnet als \u00ab\u00a0<strong>CARTRUST SA \u201e <\/strong>oder \u00ab\u00a0<strong>wir<\/strong>\u201c) ist ein Dienstleister, der sich auf langfristige operative und finanzielle Leasing- und Firmenfahrzeugflottenmanagement-Dienstleistungen spezialisiert hat.<\/p>\n<p>Im Rahmen ihrer Aktivit\u00e4ten und Dienstleistungen verarbeitet CARTRUST SA unter anderem die personenbezogenen Daten ihrer Kunden und der Mitarbeiter ihrer Kunden (Fahrer). In Bezug auf diese Verarbeitungst\u00e4tigkeiten fungiert CARTRUST SA als \u201eDatenverantwortlicher\u201c und ist f\u00fcr den Schutz Ihrer personenbezogenen Daten verantwortlich. Als solches muss CARTRUST SA die geltenden Datenschutzgesetze einhalten, insbesondere seit dem 25. Mai 2018 die europ\u00e4ische Datenschutz-Grundverordnung 2016\/679 (die \u201eVerordnung\u201c oder \u201eDSGVO\u201c) und anwendbar nationale Gesetze zur Umsetzung der EU-Richtlinie 95\/46 zur Verarbeitung personenbezogener Daten.<\/p>\n<p><strong>Von der Datenerhebung betroffene T\u00e4tigkeiten<\/strong><\/p>\n<p>Cartrust SA sammelt alle Datenquellen im Rahmen seiner kommerziellen Aktivit\u00e4ten wie Vermietung von Berufsfahrzeugen, Autovermietung f\u00fcr Privatpersonen, Fahrzeugverkauf oder Flottenmanagement usw.<\/p>\n<p><strong>Wir verarbeiten Ihre personenbezogenen Daten, wenn Sie:<\/strong><\/p>\n<ul>\n<li>Kunden (Fachleute oder Privatpersonen);<\/li>\n<li>Fahrzeugf\u00fchrer, d.h. Mitarbeiter von Kunden oder andere Personen, die von Kunden autorisiert sind, von einem Vertrag zwischen dem Kunden und CARTRUST SA zu profitieren<\/li>\n<li>Kundenkontaktpersonen<\/li>\n<li>Flottenmanager<\/li>\n<li>K\u00e4ufer von Gebrauchtfahrzeugen<\/li>\n<li>Website-Besucher\/Benutzer<\/li>\n<li>f\u00fchrt<\/li>\n<li>Unternehmensleiter<\/li>\n<li>etc<\/li>\n<\/ul>\n<p><strong>Wie erfassen wir Ihre personenbezogenen Daten?<\/strong><\/p>\n<ul>\n<li>Wir erheben Ihre personenbezogenen Daten direkt von Ihnen, wenn wir mit Ihnen interagieren, wenn Sie ein Online-Formular (Antragsformular, Unfallmeldeformular usw.) ausf\u00fcllen&#8230;<\/li>\n<li>Wir k\u00f6nnen personenbezogene Daten von Ihrem Arbeitgeber erhalten, mit dem CARTRUST SA einen Vertrag abgeschlossen hat (Kontaktdaten, Fahrzeugkategorie usw.).<\/li>\n<li>Wir k\u00f6nnen personenbezogene Daten \u00fcber Sie von unseren Dienstleistern im Rahmen der Vertragserf\u00fcllung erhalten (z. B. Tankkartenanbieter usw.).<\/li>\n<li>Wir k\u00f6nnen Ihre personenbezogenen Daten von Beh\u00f6rden erhalten (z. B. im Zusammenhang mit Bu\u00dfgeldern).<\/li>\n<li>Wir k\u00f6nnen Informationen \u00fcber Ihren Computer oder Ihr Ger\u00e4t sammeln, einschlie\u00dflich IP-Adresse, Betriebssystem oder Browsertyp. Diese Informationen werden gesammelt, um die ordnungsgem\u00e4\u00dfe Verwaltung und den Betrieb unserer Website sicherzustellen. Cookies werden verwendet, um diese Informationen zu sammeln.<\/li>\n<\/ul>\n<p><strong>Welche Arten von personenbezogenen Daten erheben wir?<\/strong><\/p>\n<ul>\n<li><strong> Identifikations- und Kontaktdaten, zB Name, Vorname, Adresse, Telefon-\/Mobilnummer oder E-Mail-Adresse; etc<\/strong><\/li>\n<li><strong> Angaben zum Berufstyp, zB Ihre Funktion, Ihre Abteilung oder Ihre beruflichen Kontaktdaten; etc<\/strong><\/li>\n<li><strong> Finanzinformationen, z. B. Informationen zu Ihrem Vertrag usw.<\/strong><\/li>\n<li><strong> Pers\u00f6nliche Merkmale, einschlie\u00dflich Ihres Geschlechts, Geburtsdatums, Nationalit\u00e4t, Sprache usw.<\/strong><\/li>\n<\/ul>\n<p><strong>Daten \u00fcber Sie als Fahrer, einschlie\u00dflich F\u00fchrerscheinnummer\/Duplikat oder Fahrercode des Mitarbeiters;<\/strong><\/p>\n<p><strong>F\u00fcr welche Zwecke verwenden wir Ihre personenbezogenen Daten?<\/strong><\/p>\n<p>CARTRUST SA verarbeitet Ihre personenbezogenen Daten zu folgenden Zwecken:<\/p>\n<ul>\n<li>Durchf\u00fchrung von Kundenchecks, Bearbeitung und Durchf\u00fchrung von Kundenbewertungen vor Vertragsabschluss oder vor Verkauf eines Gebrauchtwagens.<\/li>\n<li>Um gesetzlichen Verpflichtungen nachzukommen und die Rechte und Verm\u00f6genswerte von CARTRUST SA zu sch\u00fctzen: Wir verwenden personenbezogene Daten, um auf berechtigte Anfragen von Aufsichtsbeh\u00f6rden und Steuerbeh\u00f6rden zu reagieren, Geldw\u00e4sche aufzudecken und zu verhindern, eine vorl\u00e4ufige Pr\u00fcfung einer Gegenleistung durchzuf\u00fchren usw .<\/li>\n<li>Um Kundenkonten zu erstellen und zu verwalten.<\/li>\n<li>Um mit Ihnen zu kommunizieren: Sie k\u00f6nnen uns auf verschiedene Weise kontaktieren (\u00fcber unsere Website, per Telefon, per E-Mail usw.), um Fragen zu stellen, Informationen anzufordern, Kommentare abzugeben usw. Wir verwenden Ihre personenbezogenen Daten, um mit Ihnen zu kommunizieren oder Ihre Fragen zu beantworten.<\/li>\n<li>Um Ihnen fahrzeugbezogene Dienstleistungen anzubieten, die im Vertrag enthalten sind:<\/li>\n<\/ul>\n<p>* \u00dcbergabe des Fahrzeugs,<\/p>\n<p>* Fahrzeugversicherung,<\/p>\n<p>* Verwaltung von Tankkarten,<\/p>\n<p>* Ersatzfahrzeug,<\/p>\n<p>* Verwaltung der R\u00fcckgabe des Fahrzeugs<\/p>\n<p>* Pannenhilfe,<\/p>\n<p>* Verwaltung von Unf\u00e4llen und Reparaturen,<\/p>\n<p>* Reparatur, Wartung und Reifen,<\/p>\n<p>* Fahrzeug Kontrolle,<\/p>\n<p>* Erstellung von Flottenberichten f\u00fcr Kunden in Bezug auf die Nutzung von Fahrzeugen (Kraftstoffverbrauch, Unfallhistorie, &#8230;)<\/p>\n<p>* F\u00fcr Rechnungsstellung und Buchhaltung (Rechnungsstellung, Zahlungseinzug etc.).<\/p>\n<p>* Um Konflikte zu verwalten (Einziehung unbezahlter Betr\u00e4ge, Rechtsakten, &#8230;)<\/p>\n<p>* Zur Verwaltung von Bu\u00dfgeldern und Verwaltungssanktionen im Zusammenhang mit der Nutzung des Fahrzeugs, wie z. B. Parken, sowie allen anderen Verst\u00f6\u00dfen.<\/p>\n<p>&#8211; F\u00fcr Verwaltungsberichte, einschlie\u00dflich Audits, interne Kontrolle, Datenanalyse. &#8211; Zur Aufbewahrung von Gesch\u00e4fts- und Berufsunterlagen f\u00fcr rechtliche, administrative und Pr\u00fcfungszwecke. Wir verwenden die Informationen auch, um gesetzliche, versicherungstechnische und Verarbeitungsanforderungen zu erf\u00fcllen.<\/p>\n<p>* Wir k\u00f6nnen Sie auch zur Teilnahme an Veranstaltungen einladen<\/p>\n<p><strong>Auf welcher Grundlage verarbeiten wir Ihre personenbezogenen Daten?<\/strong><\/p>\n<p>CARTRUST SA verarbeitet Ihre personenbezogenen Daten gegebenenfalls auf folgenden Rechtsgrundlagen:<\/p>\n<ul>\n<li>Die Ausf\u00fchrung des Vertrags, den Sie mit CARTRUST SA abgeschlossen haben, oder die Vorbereitung eines Vertrags, den Sie mit CARTRUST SA abzuschlie\u00dfen beabsichtigen;<\/li>\n<li>Einhaltung unserer gesetzlichen Verpflichtungen (zum Beispiel: Geldw\u00e4schegesetz, die Bestimmungen des Gesetzes vom 25. Juli 2015 zur Schaffung des automatisierten Kontroll- und Sanktionssystems usw.);<\/li>\n<li>Die berechtigten Interessen von CARTRUST SA oder einer Drittpartei, sofern diese Rechte Ihre Grundrechte und -freiheiten \u00fcberwiegen, wie z. B. gegebenenfalls zur Aufdeckung und Verhinderung von Geldw\u00e4sche, zur Durchf\u00fchrung einer Pr\u00fcfungsvorank\u00fcndigung einer Gegenpartei, die Ihnen zur Verf\u00fcgung stehen n\u00fctzliche Informationen usw.<\/li>\n<\/ul>\n<p><strong>Mit wem teilen wir Ihre personenbezogenen Daten?<\/strong><\/p>\n<p>Um unsere Dienstleistungen anbieten zu k\u00f6nnen, m\u00fcssen wir manchmal Partner oder Verarbeitungsunternehmen f\u00fcr die oben beschriebenen Zwecke einsetzen. Wir beschr\u00e4nken die Weitergabe Ihrer personenbezogenen Daten auf folgende Kategorien von Empf\u00e4ngern:<\/p>\n<ul>\n<li>Interne Abteilungen wie die Verkaufsabteilung, die Kundendienstabteilung, die Marketingabteilung, die Buchhaltung<\/li>\n<li>unser Kunde (Ihr Arbeitgeber);<\/li>\n<li>unsere Dienstleister, insbesondere: Datenhosting-Provider, IT-Provider, Dritte f\u00fcr Einbauten, Wartungen, mechanische Reparaturen, Reifenwechsel, Schadensgutachten, Schadensbeseitigung, Assistenz etc<\/li>\n<li>die Beh\u00f6rden, wenn dies gesetzlich vorgeschrieben ist, beispielsweise als Antwort auf Vorladungen, insbesondere von Strafverfolgungsbeh\u00f6rden und Gerichten, Anfragen von Finanzbeh\u00f6rden, &#8230;<\/li>\n<li>wenn es notwendig ist, Gesch\u00e4ftsverm\u00f6gen zu verkaufen oder zu \u00fcbertragen, im Zusammenhang mit einer Insolvenz, um unsere Rechte durchzusetzen, Ihr Eigentum oder die Rechte, das Eigentum oder die Sicherheit anderer zu sch\u00fctzen oder um externe Audit-, Compliance- und Corporate-Governance-Funktionen zu unterst\u00fctzen.<\/li>\n<\/ul>\n<p><strong>Wie werden Ihre personenbezogenen Daten gespeichert?<\/strong><\/p>\n<p>CARTRUST SA m\u00f6chte sicherstellen, dass Ihre personenbezogenen Daten:<\/p>\n<ul>\n<li>gesch\u00fctzt gegen zuf\u00e4llige oder vors\u00e4tzliche Zerst\u00f6rung\/Verlust<\/li>\n<li>richtig verwendet<\/li>\n<li>unzug\u00e4nglich f\u00fcr Unbefugte.<\/li>\n<\/ul>\n<p><strong>Wie lange bewahren wir Ihre personenbezogenen Daten auf?<\/strong><\/p>\n<p>Im Allgemeinen bewahren wir Ihre personenbezogenen Daten so lange auf, wie es in dieser Datenschutzrichtlinie beschrieben oder nach geltendem Recht erforderlich ist.<\/p>\n<p>&nbsp;<\/p>\n<p><strong>Sensible Daten<\/strong><\/p>\n<p>Wir sind manchmal verpflichtet, sensible Daten zu verarbeiten, haupts\u00e4chlich gerichtliche Informationen wie Bu\u00dfgelder, Verkehrsverst\u00f6\u00dfe, strafrechtliche Daten im Zusammenhang mit Forderungen (Polizeibericht usw.).<\/p>\n<p>Wir verarbeiten diese Daten ausschlie\u00dflich zu folgenden Zwecken:<\/p>\n<ul>\n<li>F\u00fcr die Verwaltung von Anspr\u00fcchen und damit verbundenen Rechtsstreitigkeiten (Beitreibung von Betr\u00e4gen im Zusammenhang mit w\u00e4hrend der Mietzeit entstandenen Anspr\u00fcchen usw.). Diese Daten k\u00f6nnen ggf. an den Auftraggeber (Arbeitgeber), an die mit der Schadensabwicklung befassten Versicherer und Makler, die von uns oder von ihnen beauftragten Sachverst\u00e4ndigen (Rechtsanw\u00e4lte, Aktenf\u00fchrer) \u00fcbermittelt werden, an mit der Schadenabwicklung befasste Subunternehmer sowie Beh\u00f6rden und Gerichte.<\/li>\n<li>F\u00fcr die Verwaltung von Bu\u00dfgeldern und Verwaltungssanktionen sowie aller Straftaten im Zusammenhang mit der Nutzung des Mietfahrzeugs.<\/li>\n<\/ul>\n<p>CARTRUST SA kann aufgefordert werden:<\/p>\n<ul>\n<li>Informationen \u00fcber Bu\u00dfgelder, Verwaltungssanktionen sowie Verkehrsverst\u00f6\u00dfe verarbeiten, insbesondere den Ort des Versto\u00dfes, das Datum und die Uhrzeit, den Versto\u00df selbst, den zu zahlenden Betrag;<\/li>\n<li>die personenbezogenen Daten an die zust\u00e4ndigen Beh\u00f6rden \u00fcbermitteln, um eine Identifizierung zu erm\u00f6glichen (per Fax\/E-Mail); und optional,<\/li>\n<li>Daten bez\u00fcglich der Geldbu\u00dfe oder Verwaltungssanktion an den Kunden (h\u00e4ufig den Arbeitgeber des Fahrers) \u00fcbermitteln, um die Verwaltung und Abrechnung der Geldbu\u00dfe oder Sanktion zu erm\u00f6glichen.<\/li>\n<\/ul>\n<p><strong>Wie gew\u00e4hrleisten wir die Sicherheit und Integrit\u00e4t Ihrer personenbezogenen Daten?<\/strong><\/p>\n<p>Wir sch\u00fctzen Ihre Daten durch technische und organisatorische Sicherheitsma\u00dfnahmen gegen zuf\u00e4llige oder unrechtm\u00e4\u00dfige Zerst\u00f6rung, zuf\u00e4lligen Verlust oder Ver\u00e4nderung, unbefugte Offenlegung oder unbefugten Zugriff und gegen jede andere Form der rechtswidrigen Verarbeitung.<\/p>\n<p><strong>Wie k\u00f6nnen Sie Ihre Pr\u00e4ferenzen bez\u00fcglich der Verwendung Ihrer personenbezogenen Daten kontrollieren und angeben?<\/strong><\/p>\n<p>Sie k\u00f6nnen eine Reihe von Rechten in Bezug auf die Verarbeitung Ihrer personenbezogenen Daten gegen\u00fcber CARTRUST SA aus\u00fcben, sofern Ihnen diese Rechte nach den geltenden Datenschutzgesetzen wie der DSGVO tats\u00e4chlich zustehen.<\/p>\n<p>Um die in diesem Abschnitt beschriebenen Rechte auszu\u00fcben, wenden Sie sich bitte jederzeit an den Datenschutzbeauftragten von CARTRUST SA, der Ihre Anfrage bearbeiten wird.<\/p>\n<p><strong>Opposition. <\/strong>Sie haben das Recht, der Verarbeitung Ihrer personenbezogenen Daten aufgrund eines berechtigten Interesses von CARTRUST SA jederzeit zu widersprechen.<\/p>\n<p><strong>R\u00fcckzug.<\/strong> Wenn Sie zuvor in die Verarbeitung Ihrer personenbezogenen Daten eingewilligt haben, k\u00f6nnen Sie diese Einwilligung jederzeit widerrufen. Die Rechtm\u00e4\u00dfigkeit der aufgrund der Einwilligung bis zum Widerruf erfolgten Verarbeitung bleibt unber\u00fchrt.<\/p>\n<p><strong>Zugriff. <\/strong>Sie k\u00f6nnen Zugriff auf die personenbezogenen Daten, die wir \u00fcber Sie speichern, oder eine Kopie davon anfordern. Sie k\u00f6nnen auch Informationen \u00fcber die Zwecke der Verarbeitung, die Kategorien von Daten, die Kategorien von Empf\u00e4ngern, die Bedingungen der Datenspeicherung usw. verlangen.<\/p>\n<p><strong>Portabilit\u00e4t.<\/strong> Sie haben m\u00f6glicherweise das Recht, eine Kopie aller personenbezogenen Daten, die wir \u00fcber Sie in unseren Aufzeichnungen gespeichert haben, in einem kompatiblen Format zu erhalten, damit Sie Ihr Recht auf Daten\u00fcbertragbarkeit aus\u00fcben k\u00f6nnen.<\/p>\n<p><strong>Einschr\u00e4nkung.<\/strong><\/p>\n<p>Sie haben das Recht, in folgenden F\u00e4llen die Einschr\u00e4nkung der Verarbeitung Ihrer personenbezogenen Daten zu verlangen:<\/p>\n<ul>\n<li>f\u00fcr einen Zeitraum, der es CARTRUST SA erm\u00f6glicht, die Richtigkeit Ihrer personenbezogenen Daten zu \u00fcberpr\u00fcfen, falls Sie deren Richtigkeit bestreiten;<\/li>\n<li>wenn die Verarbeitung unrechtm\u00e4\u00dfig ist und Sie die Nutzung Ihrer personenbezogenen Daten einschr\u00e4nken m\u00f6chten, anstatt sie zu l\u00f6schen;<\/li>\n<li>wenn Sie m\u00f6chten, dass CARTRUST SA Ihre personenbezogenen Daten aufbewahrt, weil Sie sie ben\u00f6tigen, um sich in Gerichtsverfahren zu verteidigen;<\/li>\n<li>wenn Sie der Verarbeitung widersprochen haben, wir aber pr\u00fcfen m\u00fcssen, ob die legitimen Gr\u00fcnde f\u00fcr diese Verarbeitung Vorrang vor Ihren eigenen Rechten haben.<\/li>\n<\/ul>\n<p><strong>Korrektur.<\/strong> Sie k\u00f6nnen auch das Recht haben, unrichtige personenbezogene Daten zu berichtigen und unvollst\u00e4ndige personenbezogene Daten zu vervollst\u00e4ndigen.<\/p>\n<p><strong>L\u00f6schen.<\/strong> Sie haben das Recht, in folgenden F\u00e4llen die L\u00f6schung Ihrer personenbezogenen Daten zu verlangen:<\/p>\n<ul>\n<li>wenn Ihre personenbezogenen Daten f\u00fcr die Zwecke, f\u00fcr die sie erhoben oder verarbeitet wurden, nicht mehr erforderlich sind;<\/li>\n<li>wenn Sie Ihre Einwilligung widerrufen haben und es keine andere Rechtsgrundlage f\u00fcr die Verarbeitung gibt;<\/li>\n<li>wenn Sie der Datenverarbeitung widersprochen haben und kein vorrangiger berechtigter Grund f\u00fcr CARTRUST SA besteht;<\/li>\n<li>wenn die personenbezogenen Daten unrechtm\u00e4\u00dfig verarbeitet wurden;<\/li>\n<li>wenn die personenbezogenen Daten gel\u00f6scht werden m\u00fcssen, um einer gesetzlichen Verpflichtung nachzukommen, der CARTRUST SA unterliegt.<\/li>\n<\/ul>\n<p><strong>Beschwerde.<\/strong> Sie haben auch das Recht, bei Zweifeln \u00fcber die Bedingungen der Verarbeitung Ihrer personenbezogenen Daten durch CARTRUST SA (National Commission for Data Protection, Avenue du Rock&#8217;n Roll 1, L-4361 Esch-sur-Alzette, Luxemburg, www.cnpd.lu).<\/p>\n<p>&nbsp;<\/p>\n<p><strong>An wen k\u00f6nnen Sie sich bei Fragen oder Bedenken bez\u00fcglich der Verarbeitung Ihrer personenbezogenen Daten wenden?<\/strong><\/p>\n<p>CARTRUST SA hat einen Datenschutzbeauftragten ernannt. Dieser Datenschutzbeauftragte ist \u00fcber info@cartrust.lu erreichbar.<\/p>\n<p>Der Datenschutzkorrespondent ist die erste Anlaufstelle des Kunden bei Fragen zum Schutz personenbezogener Daten oder zur Aus\u00fcbung seiner Rechte.<\/p>\n<p>In diesem Zusammenhang sollten alle <strong>Fragen, Beschwerden oder Kommentare<\/strong> zu dieser Datenschutzrichtlinie oder unseren Datenverarbeitungsgrunds\u00e4tzen per E-Mail an die folgende Adresse gesendet werden: <u>info@cartrust.lu<\/u>.<\/p>\n<p>Zur Klarstellung: Diese Person hat nicht die Kompetenz eines Datenschutzbeauftragten im Sinne der DSGVO.<\/p>\n<p>&nbsp;<\/p>\n<p>Der Datenschutzbeauftragte von CARTRUST SA fungiert dann als zweite Anlaufstelle f\u00fcr alle Fragen bez\u00fcglich (vermuteter) Nichteinhaltung der geltenden Vorschriften und\/oder Gesetze in Bezug auf den Datenschutz.[\/vc_column_text][gt3_spacing height=&#8220;80px&#8220;][\/vc_column][\/vc_row]","protected":false},"excerpt":{"rendered":"<p>[vc_row full_width=&#8220;stretch_row&#8220; content_placement=&#8220;middle&#8220; css=&#8220;.vc_custom_1539849562500{background-image: url(http:\/\/www.cartrust.lu\/wp-content\/uploads\/2018\/10\/home-small.jpg?id=3934) !important;background-position: center !important;background-repeat: no-repeat !important;background-size: cover !important;}&#8220; el_id=&#8220;page-header&#8220;][vc_column][gt3_custom_text text_color=&#8220;#ffffff&#8220; font_size=&#8220;48&#8243; use_theme_fonts=&#8220;&#8220; google_fonts_text=&#8220;font_family:Montserrat%3Aregular%2C700|font_style:700%20bold%20regular%3A700%3Anormal&#8220; responsive_font=&#8220;true&#8220; font_size_sm_desctop=&#8220;40&#8243; font_size_tablet=&#8220;35&#8243; font_size_mobile=&#8220;28&#8243;]Dateschutzbest\u00ebmmungen[\/gt3_custom_text][gt3_spacing height=&#8220;50px&#8220;][\/vc_column][\/vc_row][vc_row][vc_column][gt3_spacing height=&#8220;80px&#8220;][vc_column_text]Informationen \u00fcber CARTRUST SA CARTRUST SA, eine Aktiengesellschaft mit Sitz in 7 Route de Tr\u00e8ves, L-2632 Findel, eingetragen im Handels- und Gesellschaftsregister des Gro\u00dfherzogtums Luxemburg unter der Nummer Lux B 125 189, handelnd [&hellip;]<\/p>\n","protected":false},"author":1,"featured_media":0,"parent":0,"menu_order":0,"comment_status":"closed","ping_status":"closed","template":"full-width.php","meta":{"footnotes":""},"class_list":["post-3289","page","type-page","status-publish","hentry"],"_links":{"self":[{"href":"http:\/\/www.cartrust.lu\/de\/wp-json\/wp\/v2\/pages\/3289","targetHints":{"allow":["GET"]}}],"collection":[{"href":"http:\/\/www.cartrust.lu\/de\/wp-json\/wp\/v2\/pages"}],"about":[{"href":"http:\/\/www.cartrust.lu\/de\/wp-json\/wp\/v2\/types\/page"}],"author":[{"embeddable":true,"href":"http:\/\/www.cartrust.lu\/de\/wp-json\/wp\/v2\/users\/1"}],"replies":[{"embeddable":true,"href":"http:\/\/www.cartrust.lu\/de\/wp-json\/wp\/v2\/comments?post=3289"}],"version-history":[{"count":15,"href":"http:\/\/www.cartrust.lu\/de\/wp-json\/wp\/v2\/pages\/3289\/revisions"}],"predecessor-version":[{"id":4807,"href":"http:\/\/www.cartrust.lu\/de\/wp-json\/wp\/v2\/pages\/3289\/revisions\/4807"}],"wp:attachment":[{"href":"http:\/\/www.cartrust.lu\/de\/wp-json\/wp\/v2\/media?parent=3289"}],"curies":[{"name":"wp","href":"https:\/\/api.w.org\/{rel}","templated":true}]}}