{"id":3120,"date":"2018-07-10T09:41:37","date_gmt":"2018-07-10T07:41:37","guid":{"rendered":"http:\/\/www.cartrust.lu\/?page_id=3120"},"modified":"2026-01-13T14:56:27","modified_gmt":"2026-01-13T13:56:27","slug":"accueil","status":"publish","type":"page","link":"http:\/\/www.cartrust.lu\/de\/","title":{"rendered":"Startseite"},"content":{"rendered":"[vc_row full_width=&#8220;stretch_row&#8220; full_height=&#8220;yes&#8220; css=&#8220;.vc_custom_1539848541555{margin-top: -80px !important;background-image: url(http:\/\/www.cartrust.lu\/wp-content\/uploads\/2018\/07\/home.jpg?id=3649) !important;background-position: center !important;background-repeat: no-repeat !important;background-size: cover !important;}&#8220; el_id=&#8220;home-header&#8220;][vc_column][gt3_custom_text text_color=&#8220;#ffffff&#8220; font_size=&#8220;18&#8243; use_theme_fonts=&#8220;&#8220; google_fonts_text=&#8220;font_family:Montserrat%3Aregular%2C700|font_style:400%20regular%3A400%3Anormal&#8220;]<span style=\"letter-spacing: 1px;\">Leasing made smarter<\/span>[\/gt3_custom_text][gt3_spacing height=&#8220;20px&#8220;][gt3_custom_text text_color=&#8220;#ffffff&#8220; font_size=&#8220;50&#8243; responsive_font=&#8220;true&#8220; font_size_tablet=&#8220;40&#8243; font_size_mobile=&#8220;26&#8243;]<span>Luxemburger experte f\u00fcr Auto-Leasing<\/span>[\/gt3_custom_text][gt3_spacing height=&#8220;40px&#8220;][gt3_button button_title=&#8220;Fahrzeugverkauf &#8220; btn_font_size=&#8220;15&#8243; use_theme_button=&#8220;&#8220; btn_bg_color=&#8220;#ffffff&#8220; btn_text_color=&#8220;#2b3152&#8243; btn_bg_color_hover=&#8220;rgba(255,255,255,0.01)&#8220; btn_text_color_hover=&#8220;#ffffff&#8220; btn_icon_color=&#8220;#ffffff&#8220; btn_icon_color_hover=&#8220;#ffffff&#8220; btn_border_color=&#8220;#ffffff&#8220; btn_border_color_hover=&#8220;#ffffff&#8220; link=&#8220;url:http%3A%2F%2Fwww.cartrust.lu%2Fnos-occasions%2F|||&#8220;][gt3_button button_title=&#8220;Angebotsanfrage&#8220; btn_font_size=&#8220;15&#8243; use_theme_button=&#8220;&#8220; btn_bg_color=&#8220;rgba(255,255,255,0.01)&#8220; btn_text_color=&#8220;#ffffff&#8220; btn_bg_color_hover=&#8220;#ffffff&#8220; btn_text_color_hover=&#8220;#2b3152&#8243; btn_icon_color=&#8220;#ffffff&#8220; btn_icon_color_hover=&#8220;#ffffff&#8220; btn_border_color=&#8220;#ffffff&#8220; btn_border_color_hover=&#8220;#ffffff&#8220; link=&#8220;|||&#8220; item_el_class=&#8220;btnDemOffre&#8220;][\/vc_column][\/vc_row][vc_row][vc_column][gt3_spacing height=&#8220;70px&#8220; responsive_es=&#8220;true&#8220; height_mobile=&#8220;70&#8243;][vc_column_text]\n<h2 style=\"text-align: center;\"><span style=\"color: #2b3152;\">Was ist <strong>Leasing <\/strong>?<\/span><\/h2>\n[\/vc_column_text][gt3_spacing height=&#8220;20px&#8220;][vc_row_inner][vc_column_inner width=&#8220;5\/6&#8243; offset=&#8220;vc_col-sm-offset-1&#8243;][gt3_custom_text text_color=&#8220;#777b93&#8243; font_size=&#8220;16&#8243; line_height=&#8220;190&#8243;]Leasing ist ein langfristiger Fahrzeugmietvertrag mit oder ohne R\u00fcckkaufoption f\u00fcr einen bestimmten Zeitraum und eine bestimmte Kilometerzahl, dessen monatliche Miete im Falle eines operativen Leasings die \u00dcbernahme mehrerer Dienstleistungen umfassen kann (Versicherung,Wartung, Steuern, Reifenwechsel, Reparatur, &#8230;)[\/gt3_custom_text][\/vc_column_inner][\/vc_row_inner][gt3_spacing height=&#8220;100px&#8220;][gt3_custom_text text_color=&#8220;#565b7a&#8220; font_size=&#8220;12&#8243;]\n<p style=\"text-align: center;\"><strong>Wer sind wir ?<\/strong><\/p>\n[\/gt3_custom_text][gt3_spacing height=&#8220;5px&#8220;][gt3_custom_text text_color=&#8220;#565b7a&#8220; font_size=&#8220;36&#8243; responsive_font=&#8220;true&#8220; font_size_sm_desctop=&#8220;30&#8243; font_size_tablet=&#8220;25&#8243; font_size_mobile=&#8220;20&#8243;]\n<h2 style=\"text-align: center;\"><span style=\"color: #2b3152;\">Hier ist unsere <strong>Geschichte<\/strong><\/span><\/h2>\n[\/gt3_custom_text][gt3_spacing height=&#8220;24px&#8220;][vc_row_inner][vc_column_inner width=&#8220;5\/6&#8243; offset=&#8220;vc_col-sm-offset-1&#8243;][gt3_custom_text text_color=&#8220;#777b93&#8243; font_size=&#8220;16&#8243; line_height=&#8220;190&#8243;]\n<p style=\"text-align: justify;\">Das zu 100\u00a0% luxemburgische Unternehmen Cartrust wurde 2007 von drei Autonarren gegr\u00fcndet. Diese drei begeisterten Autofans beschlossen, ihre Kenntnisse und Erfahrungen im Leasing und in der Langzeitmiete von Fahrzeugen gesch\u00e4ftlich zu nutzen. So wurde CARTRUST geboren.<\/p>\n[\/gt3_custom_text][\/vc_column_inner][\/vc_row_inner][gt3_spacing height=&#8220;50px&#8220;][gt3_button button_title=&#8220;Lesen Sie mehr&#8220; button_size=&#8220;large&#8220; button_alignment=&#8220;center&#8220; btn_border_radius=&#8220;2px&#8220; use_theme_button=&#8220;&#8220; btn_bg_color=&#8220;rgba(255,255,255,0.01)&#8220; btn_text_color=&#8220;#2b3152&#8243; btn_bg_color_hover=&#8220;#9bde75&#8243; btn_text_color_hover=&#8220;#ffffff&#8220; btn_icon_color=&#8220;#ffffff&#8220; btn_icon_color_hover=&#8220;#ffffff&#8220; btn_border_color=&#8220;#9bde75&#8243; btn_border_color_hover=&#8220;#9bde75&#8243; css=&#8220;.vc_custom_1539685013932{margin-bottom: 10px !important;padding-top: 20px !important;padding-right: 45px !important;padding-bottom: 19px !important;padding-left: 45px !important;}&#8220; link=&#8220;url:http%3A%2F%2Fwww.cartrust.lu%2Fqui-sommes-nous%2F|||&#8220; item_el_class=&#8220;btnDemOffre&#8220;][gt3_spacing height=&#8220;90px&#8220; responsive_es=&#8220;true&#8220; height_mobile=&#8220;70&#8243;][\/vc_column][\/vc_row][vc_row full_width=&#8220;stretch_row&#8220; css=&#8220;.vc_custom_1531308344526{background-color: #f8fbff !important;}&#8220;][vc_column width=&#8220;1\/3&#8243;][gt3_spacing height=&#8220;65px&#8220; responsive_es=&#8220;true&#8220; height_mobile=&#8220;40&#8243;][gt3_icon_box icon_type=&#8220;image&#8220; thumbnail=&#8220;3718&#8243; icon_position=&#8220;top&#8220; circle_bg=&#8220;#ffffff&#8220; icon_size=&#8220;huge&#8220; title_tag=&#8220;h2&#8243; iconbox_title_size=&#8220;24&#8243; iconbox_content_size=&#8220;16&#8243; title_color=&#8220;#2b3152&#8243; text_color=&#8220;#777b93&#8243; link_color=&#8220;#5dbafc&#8220; link_hover_color=&#8220;#2b3152&#8243; new_tab=&#8220;&#8220; icon_circle=&#8220;true&#8220; heading=&#8220;Wartung und Reparaturen&#8220; text=&#8220;Bei Arbeiten an Ihrem Fahrzeug k\u00fcmmert sich Cartrust um alles, egal ob es sich um eine vom Hersteller empfohlene Inspektion, eine unvorhergesehene Panne oder etwas anderes handelt.&#8220;][gt3_spacing height=&#8220;100px&#8220; responsive_es=&#8220;true&#8220; height_mobile=&#8220;20&#8243;][\/vc_column][vc_column width=&#8220;1\/3&#8243;][gt3_spacing height=&#8220;65px&#8220; responsive_es=&#8220;true&#8220; height_mobile=&#8220;20&#8243;][gt3_icon_box icon_type=&#8220;image&#8220; thumbnail=&#8220;3713&#8243; icon_position=&#8220;top&#8220; circle_bg=&#8220;#ffffff&#8220; icon_size=&#8220;huge&#8220; title_tag=&#8220;h2&#8243; iconbox_title_size=&#8220;24&#8243; iconbox_content_size=&#8220;16&#8243; title_color=&#8220;#2b3152&#8243; text_color=&#8220;#777b93&#8243; link_color=&#8220;#5dbafc&#8220; link_hover_color=&#8220;#2b3152&#8243; new_tab=&#8220;&#8220; icon_circle=&#8220;true&#8220; heading=&#8220;Reifen&#8220; text=&#8220;Nichts geht \u00fcber jahreszeitlich angemessene Ausstattung. F\u00fcr uns steht Sicherheit an erster Stelle. Deshalb nehmen wir je nach Jahreszeit den Wechsel Ihrer Sommer- bzw. Winterreifen vor.<br \/>\nF\u00fcr optimalen Service k\u00f6nnen wir Ihr Fahrzeug sogar an Ihrem Arbeitsplatz abholen, den Reifenwechsel vornehmen und das Fahrzeug nach Beendigung der Arbeiten zur\u00fcckbringen.&#8220;][gt3_spacing height=&#8220;100px&#8220; responsive_es=&#8220;true&#8220; height_mobile=&#8220;20&#8243;][\/vc_column][vc_column width=&#8220;1\/3&#8243;][gt3_spacing height=&#8220;65px&#8220; responsive_es=&#8220;true&#8220; height_mobile=&#8220;20&#8243;][gt3_icon_box icon_type=&#8220;image&#8220; thumbnail=&#8220;3716&#8243; icon_position=&#8220;top&#8220; circle_bg=&#8220;#ffffff&#8220; icon_size=&#8220;huge&#8220; title_tag=&#8220;h2&#8243; iconbox_title_size=&#8220;24&#8243; iconbox_content_size=&#8220;16&#8243; title_color=&#8220;#2b3152&#8243; text_color=&#8220;#777b93&#8243; link_color=&#8220;#5dbafc&#8220; link_hover_color=&#8220;#2b3152&#8243; new_tab=&#8220;&#8220; icon_circle=&#8220;true&#8220; heading=&#8220;Andere&#8220; url=&#8220;http:\/\/www.cartrust.lu\/services\/&#8220; url_text=&#8220;Entdecken Sie unsere Dienstleistungen&#8220;][gt3_spacing height=&#8220;100px&#8220; responsive_es=&#8220;true&#8220; height_mobile=&#8220;80&#8243;][\/vc_column][\/vc_row][vc_row full_width=&#8220;stretch_row&#8220; css=&#8220;.vc_custom_1531207560379{background-image: url(http:\/\/www.cartrust.lu\/wp-content\/uploads\/2018\/07\/New-Project.png?id=3110) !important;background-position: center !important;background-repeat: no-repeat !important;background-size: cover !important;}&#8220;][vc_column][gt3_spacing height=&#8220;25px&#8220;][vc_single_image image=&#8220;1520&#8243; img_size=&#8220;70&#215;70&#8243; alignment=&#8220;center&#8220;][gt3_spacing height=&#8220;15px&#8220;][vc_column_text]\n<h2 style=\"text-align: center;\"><span style=\"color: #ffffff;\"><strong>Angebotsanfrage\u00a0<\/strong><\/span><\/h2>\n[\/vc_column_text][gt3_spacing height=&#8220;24px&#8220;][vc_row_inner][vc_column_inner offset=&#8220;vc_col-sm-offset-1&#8243;][gt3_custom_text text_color=&#8220;#ffffff&#8220; font_size=&#8220;29&#8243; line_height=&#8220;110&#8243; responsive_font=&#8220;true&#8220; font_size_tablet=&#8220;20&#8243; font_size_mobile=&#8220;15&#8243;]\n<p style=\"text-align: center;\">Wenden Sie sich bei Angebotsanfragen gerne an uns<\/p>\n[\/gt3_custom_text][\/vc_column_inner][\/vc_row_inner][gt3_spacing height=&#8220;50px&#8220;][gt3_button button_title=&#8220;Angebotsanfrage&#8220; button_size=&#8220;large&#8220; button_alignment=&#8220;center&#8220; btn_border_radius=&#8220;2px&#8220; use_theme_button=&#8220;&#8220; btn_bg_color=&#8220;rgba(255,255,255,0.01)&#8220; btn_text_color=&#8220;#ffffff&#8220; btn_bg_color_hover=&#8220;#ffffff&#8220; btn_text_color_hover=&#8220;#2b3152&#8243; btn_icon_color=&#8220;#ffffff&#8220; btn_icon_color_hover=&#8220;#ffffff&#8220; btn_border_color=&#8220;#ffffff&#8220; btn_border_color_hover=&#8220;#ffffff&#8220; css=&#8220;.vc_custom_1539685667689{margin-bottom: 10px !important;padding-top: 20px !important;padding-right: 45px !important;padding-bottom: 19px !important;padding-left: 45px !important;}&#8220; item_el_class=&#8220;btnDemOffre&#8220;][gt3_spacing height=&#8220;60px&#8220; responsive_es=&#8220;true&#8220; height_mobile=&#8220;70&#8243;][\/vc_column][\/vc_row][vc_row][vc_column][gt3_spacing height=&#8220;108px&#8220; responsive_es=&#8220;true&#8220; height_mobile=&#8220;60&#8243;][vc_row_inner][vc_column_inner][gt3_spacing height=&#8220;6px&#8220;][vc_column_text]\n<h2><strong>News<\/strong><\/h2>\n[\/vc_column_text][gt3_spacing height=&#8220;25px&#8220;][\/vc_column_inner][\/vc_row_inner][gt3_spacing height=&#8220;50px&#8220;][gt3_featured_posts view_type=&#8220;type2&#8243; meta_author=&#8220;&#8220; meta_comments=&#8220;&#8220; meta_categories=&#8220;&#8220; post_read_more_link=&#8220;yes&#8220; items_per_line_type2=&#8220;2&#8243; meta_position=&#8220;after_title&#8220; content_letter_count=&#8220;100&#8243; item_el_class=&#8220;featured_blog_post_01&#8243; build_query=&#8220;size:2|order_by:date&#8220;][\/gt3_featured_posts][gt3_spacing height=&#8220;48px&#8220;][gt3_button button_title=&#8220;Lesen Sie alle Neuigkeiten&#8220; button_alignment=&#8220;center&#8220; use_theme_fonts_button=&#8220;&#8220; google_fonts_button=&#8220;font_family:Montserrat%3Aregular%2C700|font_style:400%20regular%3A400%3Anormal&#8220; btn_font_size=&#8220;20&#8243; use_theme_button=&#8220;&#8220; btn_bg_color=&#8220;rgba(255,255,255,0.01)&#8220; btn_text_color=&#8220;#74b84d&#8220; btn_bg_color_hover=&#8220;#9bde75&#8243; btn_text_color_hover=&#8220;#ffffff&#8220; btn_icon_color=&#8220;#ffffff&#8220; btn_icon_color_hover=&#8220;#ffffff&#8220; btn_border_color=&#8220;#9bde75&#8243; btn_border_color_hover=&#8220;#9bde75&#8243; link=&#8220;url:http%3A%2F%2Fwww.cartrust.lu%2Fnews%2F|||&#8220; item_el_class=&#8220;btnMoreNews&#8220;][gt3_spacing height=&#8220;90px&#8220;][\/vc_column][\/vc_row][vc_row full_width=&#8220;stretch_row_content&#8220; equal_height=&#8220;yes&#8220; content_placement=&#8220;middle&#8220; el_class=&#8220;contact-form&#8220;][vc_column css_animation=&#8220;none&#8220; width=&#8220;1\/2&#8243; css=&#8220;.vc_custom_1538994111150{padding-top: 87px !important;padding-right: 10% !important;padding-left: 10% !important;background-color: #8bd06a !important;background-position: center !important;background-repeat: no-repeat !important;background-size: cover !important;}&#8220;][vc_row_inner][vc_column_inner width=&#8220;1\/4&#8243; offset=&#8220;vc_hidden-md vc_hidden-sm vc_hidden-xs&#8220;][\/vc_column_inner][vc_column_inner offset=&#8220;vc_col-lg-9 vc_col-md-12&#8243;][vc_text_separator title=&#8220;Wir arbeiten f\u00fcr Sie&#8220; title_align=&#8220;separator_align_right&#8220; align=&#8220;align_left&#8220; color=&#8220;white&#8220; el_width=&#8220;40&#8243; text_separator_custom_color=&#8220;yes&#8220; text_separator_custom_color_value=&#8220;#ffffff&#8220;][gt3_spacing height=&#8220;6px&#8220;][vc_column_text]\n<h2><span style=\"color: #ffffff;\"><strong>Cartrust kontaktieren<\/strong><\/span><\/h2>\n[\/vc_column_text][vc_empty_space height=&#8220;25px&#8220;][gt3_custom_text text_color=&#8220;#ffffff&#8220; font_size=&#8220;14&#8243; line_height=&#8220;175&#8243;]Wir sind davon \u00fcberzeugt, dass wir die richtige L\u00f6sung f\u00fcr Sie finden.[\/gt3_custom_text][vc_empty_space height=&#8220;39px&#8220;]<div role=\"form\" class=\"wpcf7\" id=\"wpcf7-f309-o3\" lang=\"en-US\" dir=\"ltr\">\n<div class=\"screen-reader-response\"><\/div>\n<form action=\"\/de\/wp-json\/wp\/v2\/pages\/3120#wpcf7-f309-o3\" method=\"post\" class=\"wpcf7-form\" enctype=\"multipart\/form-data\" novalidate=\"novalidate\">\n<div style=\"display: none;\">\n<input type=\"hidden\" name=\"_wpcf7\" value=\"309\" \/>\n<input type=\"hidden\" name=\"_wpcf7_version\" value=\"5.0.3\" \/>\n<input type=\"hidden\" name=\"_wpcf7_locale\" value=\"en_US\" \/>\n<input type=\"hidden\" name=\"_wpcf7_unit_tag\" value=\"wpcf7-f309-o3\" \/>\n<input type=\"hidden\" name=\"_wpcf7_container_post\" value=\"0\" \/>\n<\/div>\n<div class=\"gt3-form_on-dark-bg\"><!-- class gt3-form_on-dark-bg needed for contact form on dark background --><br \/>\n<label><span class=\"wpcf7-form-control-wrap recipient\"><select name=\"recipient\" class=\"wpcf7-form-control wpcf7-select wpcf7-validates-as-required\" aria-required=\"true\" aria-invalid=\"false\"><option value=\"Info\/Frage\">Info\/Frage<\/option><option value=\"Angebotsanfrage\">Angebotsanfrage<\/option><option value=\"Schadensfall\">Schadensfall<\/option><\/select><\/span><\/label><label><span class=\"wpcf7-form-control-wrap Name\"><input type=\"text\" name=\"Name\" value=\"\" size=\"40\" class=\"wpcf7-form-control wpcf7-text wpcf7-validates-as-required\" aria-required=\"true\" aria-invalid=\"false\" placeholder=\"Name*\" \/><\/span><\/label><label><span class=\"wpcf7-form-control-wrap your-email\"><input type=\"email\" name=\"your-email\" value=\"\" size=\"40\" class=\"wpcf7-form-control wpcf7-text wpcf7-email wpcf7-validates-as-required wpcf7-validates-as-email\" aria-required=\"true\" aria-invalid=\"false\" placeholder=\"Email*\" \/><\/span><\/label><label><span class=\"wpcf7-form-control-wrap Subject\"><input type=\"text\" name=\"Subject\" value=\"\" size=\"40\" class=\"wpcf7-form-control wpcf7-text\" aria-invalid=\"false\" placeholder=\"Subjekt\" \/><\/span><\/label><label><span class=\"wpcf7-form-control-wrap your-message\"><textarea name=\"your-message\" cols=\"40\" rows=\"3\" class=\"wpcf7-form-control wpcf7-textarea\" aria-invalid=\"false\" placeholder=\"Botschaft\"><\/textarea><\/span><\/label><label>\n<div id=\"gdpr-text\"><span class=\"wpcf7-form-control-wrap gdpr\"><span class=\"wpcf7-form-control wpcf7-acceptance\"><span class=\"wpcf7-list-item\"><label><input type=\"checkbox\" name=\"gdpr\" value=\"1\" aria-invalid=\"false\" \/><span class=\"wpcf7-list-item-label\">Ich verstehe, dass diese Form meinen Namen und E-Mail sammelt so dass ich kontaktiert werden kann. Weitere Informationen erhalten Sie in unserer <a href=\"\/politique-de-confidentialite\/\" target=\"_blank\">Datenschutzerkl\u00e4rung<\/a>.<\/span><\/label><\/span><\/span><\/span><\/div>\n<p><\/label><label><span class=\"wpcf7-form-control-wrap file\"><input type=\"file\" name=\"file\" size=\"40\" class=\"wpcf7-form-control wpcf7-file\" accept=\".jpg,.jpeg,.png,.gif,.pdf,.doc,.docx,.ppt,.pptx,.odt,.avi,.ogg,.m4a,.mov,.mp3,.mp4,.mpg,.wav,.wmv\" aria-invalid=\"false\" \/><\/span><\/label>\n<div class=\"wpcf7-form-control-wrap\"><div data-sitekey=\"6LdQ3pMiAAAAAJ-v0Oue3Aa0AOL1eD34uRRuwEW7\" class=\"wpcf7-form-control g-recaptcha wpcf7-recaptcha\"><\/div>\n<noscript>\n\t<div style=\"width: 302px; height: 422px;\">\n\t\t<div style=\"width: 302px; height: 422px; position: relative;\">\n\t\t\t<div style=\"width: 302px; height: 422px; position: absolute;\">\n\t\t\t\t<iframe src=\"https:\/\/www.google.com\/recaptcha\/api\/fallback?k=6LdQ3pMiAAAAAJ-v0Oue3Aa0AOL1eD34uRRuwEW7\" frameborder=\"0\" scrolling=\"no\" style=\"width: 302px; height:422px; border-style: none;\">\n\t\t\t\t<\/iframe>\n\t\t\t<\/div>\n\t\t\t<div style=\"width: 300px; height: 60px; border-style: none; bottom: 12px; left: 25px; margin: 0px; padding: 0px; right: 25px; background: #f9f9f9; border: 1px solid #c1c1c1; border-radius: 3px;\">\n\t\t\t\t<textarea id=\"g-recaptcha-response\" name=\"g-recaptcha-response\" class=\"g-recaptcha-response\" style=\"width: 250px; height: 40px; border: 1px solid #c1c1c1; margin: 10px 25px; padding: 0px; resize: none;\">\n\t\t\t\t<\/textarea>\n\t\t\t<\/div>\n\t\t<\/div>\n\t<\/div>\n<\/noscript>\n<\/div>\n<p><label class=\"gt3-form_on-dark-btn\"><span class=\"gt3-form_on-dark-btn-wrapp\"><input type=\"submit\" value=\"Senden\" class=\"wpcf7-form-control wpcf7-submit\" \/><\/span><\/label><\/div>\n<div class=\"wpcf7-response-output wpcf7-display-none\"><\/div><\/form><\/div>[vc_empty_space height=&#8220;30px&#8220;][\/vc_column_inner][\/vc_row_inner][\/vc_column][vc_column css_animation=&#8220;none&#8220; width=&#8220;1\/2&#8243; css=&#8220;.vc_custom_1525178479646{padding-top: 0px !important;padding-right: 10% !important;padding-bottom: 0px !important;padding-left: 10% !important;background-image: url(https:\/\/livewp.site\/wp\/md\/sunergy\/wp-content\/uploads\/sites\/2\/2018\/02\/hover_box_img_04.jpg?id=1481) !important;background-position: center !important;background-repeat: no-repeat !important;background-size: cover !important;}&#8220;][vc_row_inner css=&#8220;.vc_custom_1485416907818{padding-top: 50px !important;padding-bottom: 50px !important;}&#8220;][vc_column_inner offset=&#8220;vc_col-lg-10&#8243;][vc_empty_space height=&#8220;65px&#8220;][gt3_custom_text text_color=&#8220;#293642&#8243; font_size=&#8220;36&#8243; line_height=&#8220;110&#8243;]\n<h2 id=\"tw-target-text\" class=\"tw-data-text tw-ta tw-text-medium\" dir=\"ltr\" style=\"text-align: center;\" data-placeholder=\"Traduction\"><strong><span lang=\"de\">Rufen Sie uns an<\/span><\/strong><\/h2>\n[\/gt3_custom_text][vc_empty_space height=&#8220;30px&#8220;][gt3_custom_text text_color=&#8220;#74b84d&#8220; font_size=&#8220;55&#8243; line_height=&#8220;110&#8243; responsive_font=&#8220;true&#8220; font_size_tablet=&#8220;35&#8243; font_size_sm_desctop=&#8220;45&#8243; font_size_mobile=&#8220;30&#8243;]\n<p class=\"phone-number\" style=\"text-align: center;\">(+352) 26 34 35 &#8211; 1<\/p>\n[\/gt3_custom_text][vc_empty_space height=&#8220;50px&#8220;][\/vc_column_inner][\/vc_row_inner][\/vc_column][\/vc_row]","protected":false},"excerpt":{"rendered":"<p>[vc_row full_width=&#8220;stretch_row&#8220; full_height=&#8220;yes&#8220; css=&#8220;.vc_custom_1539848541555{margin-top: -80px !important;background-image: url(http:\/\/www.cartrust.lu\/wp-content\/uploads\/2018\/07\/home.jpg?id=3649) !important;background-position: center !important;background-repeat: no-repeat !important;background-size: cover !important;}&#8220; el_id=&#8220;home-header&#8220;][vc_column][gt3_custom_text text_color=&#8220;#ffffff&#8220; font_size=&#8220;18&#8243; use_theme_fonts=&#8220;&#8220; google_fonts_text=&#8220;font_family:Montserrat%3Aregular%2C700|font_style:400%20regular%3A400%3Anormal&#8220;]Leasing made smarter[\/gt3_custom_text][gt3_spacing height=&#8220;20px&#8220;][gt3_custom_text text_color=&#8220;#ffffff&#8220; font_size=&#8220;50&#8243; responsive_font=&#8220;true&#8220; font_size_tablet=&#8220;40&#8243; font_size_mobile=&#8220;26&#8243;]Luxemburger experte f\u00fcr Auto-Leasing[\/gt3_custom_text][gt3_spacing height=&#8220;40px&#8220;][gt3_button button_title=&#8220;Fahrzeugverkauf &#8220; btn_font_size=&#8220;15&#8243; use_theme_button=&#8220;&#8220; btn_bg_color=&#8220;#ffffff&#8220; btn_text_color=&#8220;#2b3152&#8243; btn_bg_color_hover=&#8220;rgba(255,255,255,0.01)&#8220; btn_text_color_hover=&#8220;#ffffff&#8220; btn_icon_color=&#8220;#ffffff&#8220; btn_icon_color_hover=&#8220;#ffffff&#8220; btn_border_color=&#8220;#ffffff&#8220; btn_border_color_hover=&#8220;#ffffff&#8220; link=&#8220;url:http%3A%2F%2Fwww.cartrust.lu%2Fnos-occasions%2F|||&#8220;][gt3_button button_title=&#8220;Angebotsanfrage&#8220; btn_font_size=&#8220;15&#8243; use_theme_button=&#8220;&#8220; btn_bg_color=&#8220;rgba(255,255,255,0.01)&#8220; btn_text_color=&#8220;#ffffff&#8220; btn_bg_color_hover=&#8220;#ffffff&#8220; btn_text_color_hover=&#8220;#2b3152&#8243; btn_icon_color=&#8220;#ffffff&#8220; btn_icon_color_hover=&#8220;#ffffff&#8220; btn_border_color=&#8220;#ffffff&#8220; btn_border_color_hover=&#8220;#ffffff&#8220; [&hellip;]<\/p>\n","protected":false},"author":1,"featured_media":0,"parent":0,"menu_order":0,"comment_status":"closed","ping_status":"closed","template":"full-width.php","meta":{"footnotes":""},"class_list":["post-3120","page","type-page","status-publish","hentry"],"_links":{"self":[{"href":"http:\/\/www.cartrust.lu\/de\/wp-json\/wp\/v2\/pages\/3120","targetHints":{"allow":["GET"]}}],"collection":[{"href":"http:\/\/www.cartrust.lu\/de\/wp-json\/wp\/v2\/pages"}],"about":[{"href":"http:\/\/www.cartrust.lu\/de\/wp-json\/wp\/v2\/types\/page"}],"author":[{"embeddable":true,"href":"http:\/\/www.cartrust.lu\/de\/wp-json\/wp\/v2\/users\/1"}],"replies":[{"embeddable":true,"href":"http:\/\/www.cartrust.lu\/de\/wp-json\/wp\/v2\/comments?post=3120"}],"version-history":[{"count":179,"href":"http:\/\/www.cartrust.lu\/de\/wp-json\/wp\/v2\/pages\/3120\/revisions"}],"predecessor-version":[{"id":5029,"href":"http:\/\/www.cartrust.lu\/de\/wp-json\/wp\/v2\/pages\/3120\/revisions\/5029"}],"wp:attachment":[{"href":"http:\/\/www.cartrust.lu\/de\/wp-json\/wp\/v2\/media?parent=3120"}],"curies":[{"name":"wp","href":"https:\/\/api.w.org\/{rel}","templated":true}]}}