{"id":3053,"date":"2018-07-09T12:38:12","date_gmt":"2018-07-09T10:38:12","guid":{"rendered":"http:\/\/www.cartrust.lu\/?page_id=3053"},"modified":"2026-01-13T14:59:22","modified_gmt":"2026-01-13T13:59:22","slug":"services","status":"publish","type":"page","link":"http:\/\/www.cartrust.lu\/de\/services\/","title":{"rendered":"Dienstleistungen"},"content":{"rendered":"[vc_row full_width=&#8220;stretch_row&#8220; content_placement=&#8220;middle&#8220; css=&#8220;.vc_custom_1539849201248{background-image: url(http:\/\/www.cartrust.lu\/wp-content\/uploads\/2018\/10\/home-small.jpg?id=3934) !important;background-position: center !important;background-repeat: no-repeat !important;background-size: cover !important;}&#8220; el_id=&#8220;page-header&#8220;][vc_column][gt3_custom_text text_color=&#8220;#ffffff&#8220; font_size=&#8220;48&#8243; use_theme_fonts=&#8220;&#8220; google_fonts_text=&#8220;font_family:Montserrat%3Aregular%2C700|font_style:700%20bold%20regular%3A700%3Anormal&#8220; responsive_font=&#8220;true&#8220; font_size_sm_desctop=&#8220;40&#8243; font_size_tablet=&#8220;35&#8243; font_size_mobile=&#8220;28&#8243;]\n<p style=\"text-align: center;\">UNSERE PRODUKTE UND LEISTUNGEN<\/p>\n[\/gt3_custom_text][gt3_spacing height=&#8220;50px&#8220;][\/vc_column][\/vc_row][vc_row][vc_column][gt3_spacing height=&#8220;50px&#8220;][gt3_custom_text text_color=&#8220;#2b3152&#8243; font_size=&#8220;36&#8243; responsive_font=&#8220;true&#8220; font_size_sm_desctop=&#8220;30&#8243; font_size_tablet=&#8220;25&#8243; font_size_mobile=&#8220;20&#8243;]\n<h2 style=\"text-align: center;\">Warum sollten Sie sich f\u00fcr <strong>Cartrust<\/strong> entscheiden?<\/h2>\n[\/gt3_custom_text][gt3_spacing height=&#8220;25px&#8220;][vc_row_inner][vc_column_inner width=&#8220;1\/6&#8243;][\/vc_column_inner][vc_column_inner width=&#8220;2\/3&#8243;][gt3_custom_text text_color=&#8220;#777b93&#8243; font_size=&#8220;16&#8243; line_height=&#8220;190&#8243;]\n<p style=\"text-align: center;\">Uns ist es wichtig, gro\u00dfe Kundenn\u00e4he, maximale Flexibilit\u00e4t und eine m\u00f6glichst schnelle Reaktionsf\u00e4higkeit zu garantieren.<\/p>\n[\/gt3_custom_text][\/vc_column_inner][vc_column_inner width=&#8220;1\/6&#8243;][\/vc_column_inner][\/vc_row_inner][\/vc_column][\/vc_row][vc_row full_width=&#8220;stretch_row&#8220; css=&#8220;.vc_custom_1531308616110{background-color: #ffffff !important;}&#8220;][vc_column]<div class=\"gt3_practice_list\"><div class=\"gt3_practice_list__posts-container row isotope\"><article class=\"gt3_practice_list__item span4\"><div class=\"gt3_practice_list__image-holder\"><a href=\"http:\/\/www.cartrust.lu\/de\/service\/entretien-et-reparations\/\" class=\"gt3_practice_list__image_link\"><\/a><\/div><div class=\"gt3_practice_list__content\"><h4 class=\"gt3_practice_list__title\">Wartung und Reparaturen<\/h4><div class=\"gt3_practice_list__text\">Bei Arbeiten an Ihrem Fahrzeug k\u00fcmmert sich Cartrust um alles, egal ob es sich um eine vom Hersteller empfohlene Inspektion, eine unvorhergesehene...<\/div><a href=\"http:\/\/www.cartrust.lu\/de\/service\/entretien-et-reparations\/\" class=\"gt3_practice_list__link learn_more\">Learn More<span><\/span><\/a><\/div><\/article><article class=\"gt3_practice_list__item span4\"><div class=\"gt3_practice_list__image-holder\"><a href=\"http:\/\/www.cartrust.lu\/de\/service\/pneumatiques\/\" class=\"gt3_practice_list__image_link\"><\/a><\/div><div class=\"gt3_practice_list__content\"><h4 class=\"gt3_practice_list__title\">Reifen<\/h4><div class=\"gt3_practice_list__text\">Nichts geht \u00fcber jahreszeitlich angemessene Ausstattung. F\u00fcr uns steht Sicherheit an erster Stelle. Deshalb nehmen wir je nach Jahreszeit den...<\/div><a href=\"http:\/\/www.cartrust.lu\/de\/service\/pneumatiques\/\" class=\"gt3_practice_list__link learn_more\">Learn More<span><\/span><\/a><\/div><\/article><article class=\"gt3_practice_list__item span4\"><div class=\"gt3_practice_list__image-holder\"><a href=\"http:\/\/www.cartrust.lu\/de\/service\/assurances\/\" class=\"gt3_practice_list__image_link\"><\/a><\/div><div class=\"gt3_practice_list__content\"><h4 class=\"gt3_practice_list__title\">Versicherung<\/h4><div class=\"gt3_practice_list__text\">Wir k\u00f6nnen Zusammenst\u00f6\u00dfe und Unf\u00e4lle nie vollst\u00e4ndig ausschlie\u00dfen. In einem solchen Fall k\u00fcmmern wir uns bei operativem oder semi-operativem...<\/div><a href=\"http:\/\/www.cartrust.lu\/de\/service\/assurances\/\" class=\"gt3_practice_list__link learn_more\">Learn More<span><\/span><\/a><\/div><\/article><article class=\"gt3_practice_list__item span4\"><div class=\"gt3_practice_list__image-holder\"><a href=\"http:\/\/www.cartrust.lu\/de\/service\/carburant\/\" class=\"gt3_practice_list__image_link\"><\/a><\/div><div class=\"gt3_practice_list__content\"><h4 class=\"gt3_practice_list__title\">Tanken<\/h4><div class=\"gt3_practice_list__text\">Cartrust bietet Ihnen die M\u00f6glichkeit, Ihren Kraftstoffverbrauch zu verwalten und Ihnen eine Tankkarte auszustellen, mit der Sie Ihren Bedarf...<\/div><a href=\"http:\/\/www.cartrust.lu\/de\/service\/carburant\/\" class=\"gt3_practice_list__link learn_more\">Learn More<span><\/span><\/a><\/div><\/article><article class=\"gt3_practice_list__item span4\"><div class=\"gt3_practice_list__image-holder\"><a href=\"http:\/\/www.cartrust.lu\/de\/service\/assistance-et-depannage\/\" class=\"gt3_practice_list__image_link\"><\/a><\/div><div class=\"gt3_practice_list__content\"><h4 class=\"gt3_practice_list__title\">Pannenhilfe<\/h4><div class=\"gt3_practice_list__text\">Sie haben eine Panne oder einen Unfall?\r\nIn diesen F\u00e4llen ist ein effizienter Partner w\u00fcnschenswert, gar unverzichtbar.\r\nWir stellen Ihnen eine...<\/div><a href=\"http:\/\/www.cartrust.lu\/de\/service\/assistance-et-depannage\/\" class=\"gt3_practice_list__link learn_more\">Learn More<span><\/span><\/a><\/div><\/article><article class=\"gt3_practice_list__item span4\"><div class=\"gt3_practice_list__image-holder\"><a href=\"http:\/\/www.cartrust.lu\/de\/service\/restez-mobile\/\" class=\"gt3_practice_list__image_link\"><\/a><\/div><div class=\"gt3_practice_list__content\"><h4 class=\"gt3_practice_list__title\">Mobil bleiben<\/h4><div class=\"gt3_practice_list__text\">Cartrust bietet Ihnen eine Reihe an Fahrzeugen, mit denen Sie unter allen Umst\u00e4nden mobil bleiben k\u00f6nnen.\r\n\r\nOb Ihr Fahrzeug nach einem Unfall...<\/div><a href=\"http:\/\/www.cartrust.lu\/de\/service\/restez-mobile\/\" class=\"gt3_practice_list__link learn_more\">Learn More<span><\/span><\/a><\/div><\/article><\/div><\/div>[gt3_spacing height=&#8220;50px&#8220;][\/vc_column][\/vc_row][vc_row full_width=&#8220;stretch_row_content&#8220; equal_height=&#8220;yes&#8220; content_placement=&#8220;middle&#8220;][vc_column css_animation=&#8220;none&#8220; width=&#8220;1\/2&#8243; css=&#8220;.vc_custom_1538993921065{padding-top: 87px !important;padding-right: 10% !important;padding-left: 10% !important;background-color: #8bd06a !important;background-position: center !important;background-repeat: no-repeat !important;background-size: cover !important;}&#8220;][vc_row_inner][vc_column_inner width=&#8220;1\/2&#8243; offset=&#8220;vc_col-lg-9 vc_col-md-12&#8243;][vc_text_separator title=&#8220;Wir arbeiten f\u00fcr Sie&#8220; title_align=&#8220;separator_align_right&#8220; align=&#8220;align_left&#8220; color=&#8220;white&#8220; el_width=&#8220;40&#8243; text_separator_custom_color=&#8220;yes&#8220; text_separator_custom_color_value=&#8220;#ffffff&#8220;][gt3_spacing height=&#8220;6px&#8220;][vc_column_text]\n<h2><span style=\"color: #ffffff;\"><strong>Cartrust kontaktieren<\/strong><\/span><\/h2>\n[\/vc_column_text][vc_empty_space height=&#8220;25px&#8220;][gt3_custom_text text_color=&#8220;#ffffff&#8220; font_size=&#8220;14&#8243; line_height=&#8220;175&#8243;]<span>Wir sind davon \u00fcberzeugt, dass wir die richtige L\u00f6sung f\u00fcr Sie finden.<\/span>[\/gt3_custom_text][vc_empty_space height=&#8220;39px&#8220;]<div role=\"form\" class=\"wpcf7\" id=\"wpcf7-f309-o3\" lang=\"en-US\" dir=\"ltr\">\n<div class=\"screen-reader-response\"><\/div>\n<form action=\"\/de\/wp-json\/wp\/v2\/pages\/3053#wpcf7-f309-o3\" method=\"post\" class=\"wpcf7-form\" enctype=\"multipart\/form-data\" novalidate=\"novalidate\">\n<div style=\"display: none;\">\n<input type=\"hidden\" name=\"_wpcf7\" value=\"309\" \/>\n<input type=\"hidden\" name=\"_wpcf7_version\" value=\"5.0.3\" \/>\n<input type=\"hidden\" name=\"_wpcf7_locale\" value=\"en_US\" \/>\n<input type=\"hidden\" name=\"_wpcf7_unit_tag\" value=\"wpcf7-f309-o3\" \/>\n<input type=\"hidden\" name=\"_wpcf7_container_post\" value=\"0\" \/>\n<\/div>\n<div class=\"gt3-form_on-dark-bg\"><!-- class gt3-form_on-dark-bg needed for contact form on dark background --><br \/>\n<label><span class=\"wpcf7-form-control-wrap recipient\"><select name=\"recipient\" class=\"wpcf7-form-control wpcf7-select wpcf7-validates-as-required\" aria-required=\"true\" aria-invalid=\"false\"><option value=\"Info\/Frage\">Info\/Frage<\/option><option value=\"Angebotsanfrage\">Angebotsanfrage<\/option><option value=\"Schadensfall\">Schadensfall<\/option><\/select><\/span><\/label><label><span class=\"wpcf7-form-control-wrap Name\"><input type=\"text\" name=\"Name\" value=\"\" size=\"40\" class=\"wpcf7-form-control wpcf7-text wpcf7-validates-as-required\" aria-required=\"true\" aria-invalid=\"false\" placeholder=\"Name*\" \/><\/span><\/label><label><span class=\"wpcf7-form-control-wrap your-email\"><input type=\"email\" name=\"your-email\" value=\"\" size=\"40\" class=\"wpcf7-form-control wpcf7-text wpcf7-email wpcf7-validates-as-required wpcf7-validates-as-email\" aria-required=\"true\" aria-invalid=\"false\" placeholder=\"Email*\" \/><\/span><\/label><label><span class=\"wpcf7-form-control-wrap Subject\"><input type=\"text\" name=\"Subject\" value=\"\" size=\"40\" class=\"wpcf7-form-control wpcf7-text\" aria-invalid=\"false\" placeholder=\"Subjekt\" \/><\/span><\/label><label><span class=\"wpcf7-form-control-wrap your-message\"><textarea name=\"your-message\" cols=\"40\" rows=\"3\" class=\"wpcf7-form-control wpcf7-textarea\" aria-invalid=\"false\" placeholder=\"Botschaft\"><\/textarea><\/span><\/label><label>\n<div id=\"gdpr-text\"><span class=\"wpcf7-form-control-wrap gdpr\"><span class=\"wpcf7-form-control wpcf7-acceptance\"><span class=\"wpcf7-list-item\"><label><input type=\"checkbox\" name=\"gdpr\" value=\"1\" aria-invalid=\"false\" \/><span class=\"wpcf7-list-item-label\">Ich verstehe, dass diese Form meinen Namen und E-Mail sammelt so dass ich kontaktiert werden kann. Weitere Informationen erhalten Sie in unserer <a href=\"\/politique-de-confidentialite\/\" target=\"_blank\">Datenschutzerkl\u00e4rung<\/a>.<\/span><\/label><\/span><\/span><\/span><\/div>\n<p><\/label><label><span class=\"wpcf7-form-control-wrap file\"><input type=\"file\" name=\"file\" size=\"40\" class=\"wpcf7-form-control wpcf7-file\" accept=\".jpg,.jpeg,.png,.gif,.pdf,.doc,.docx,.ppt,.pptx,.odt,.avi,.ogg,.m4a,.mov,.mp3,.mp4,.mpg,.wav,.wmv\" aria-invalid=\"false\" \/><\/span><\/label>\n<div class=\"wpcf7-form-control-wrap\"><div data-sitekey=\"6LdQ3pMiAAAAAJ-v0Oue3Aa0AOL1eD34uRRuwEW7\" class=\"wpcf7-form-control g-recaptcha wpcf7-recaptcha\"><\/div>\n<noscript>\n\t<div style=\"width: 302px; height: 422px;\">\n\t\t<div style=\"width: 302px; height: 422px; position: relative;\">\n\t\t\t<div style=\"width: 302px; height: 422px; position: absolute;\">\n\t\t\t\t<iframe src=\"https:\/\/www.google.com\/recaptcha\/api\/fallback?k=6LdQ3pMiAAAAAJ-v0Oue3Aa0AOL1eD34uRRuwEW7\" frameborder=\"0\" scrolling=\"no\" style=\"width: 302px; height:422px; border-style: none;\">\n\t\t\t\t<\/iframe>\n\t\t\t<\/div>\n\t\t\t<div style=\"width: 300px; height: 60px; border-style: none; bottom: 12px; left: 25px; margin: 0px; padding: 0px; right: 25px; background: #f9f9f9; border: 1px solid #c1c1c1; border-radius: 3px;\">\n\t\t\t\t<textarea id=\"g-recaptcha-response\" name=\"g-recaptcha-response\" class=\"g-recaptcha-response\" style=\"width: 250px; height: 40px; border: 1px solid #c1c1c1; margin: 10px 25px; padding: 0px; resize: none;\">\n\t\t\t\t<\/textarea>\n\t\t\t<\/div>\n\t\t<\/div>\n\t<\/div>\n<\/noscript>\n<\/div>\n<p><label class=\"gt3-form_on-dark-btn\"><span class=\"gt3-form_on-dark-btn-wrapp\"><input type=\"submit\" value=\"Senden\" class=\"wpcf7-form-control wpcf7-submit\" \/><\/span><\/label><\/div>\n<div class=\"wpcf7-response-output wpcf7-display-none\"><\/div><\/form><\/div>[vc_empty_space height=&#8220;30px&#8220;][\/vc_column_inner][\/vc_row_inner][\/vc_column][vc_column css_animation=&#8220;none&#8220; width=&#8220;1\/2&#8243; css=&#8220;.vc_custom_1525178479646{padding-top: 0px !important;padding-right: 10% !important;padding-bottom: 0px !important;padding-left: 10% !important;background-image: url(https:\/\/livewp.site\/wp\/md\/sunergy\/wp-content\/uploads\/sites\/2\/2018\/02\/hover_box_img_04.jpg?id=1481) !important;background-position: center !important;background-repeat: no-repeat !important;background-size: cover !important;}&#8220;][vc_row_inner css=&#8220;.vc_custom_1485416907818{padding-top: 50px !important;padding-bottom: 50px !important;}&#8220;][vc_column_inner offset=&#8220;vc_col-lg-10&#8243;][vc_empty_space height=&#8220;65px&#8220;][gt3_custom_text text_color=&#8220;#293642&#8243; font_size=&#8220;36&#8243; line_height=&#8220;110&#8243;]\n<div class=\"gt3_custom_text\" data-color=\"#ffffff\">\n<h2 id=\"tw-target-text\" class=\"tw-data-text tw-ta tw-text-medium\" dir=\"ltr\" style=\"text-align: center;\" data-placeholder=\"Traduction\"><span style=\"color: #000000;\"><strong><span lang=\"de\">Rufen Sie uns an<\/span><\/strong><\/span><\/h2>\n<\/div>\n[\/gt3_custom_text][vc_empty_space height=&#8220;30px&#8220;][gt3_custom_text text_color=&#8220;#74b84d&#8220; font_size=&#8220;55&#8243; line_height=&#8220;110&#8243; responsive_font=&#8220;true&#8220; font_size_tablet=&#8220;35&#8243; font_size_sm_desctop=&#8220;45&#8243; font_size_mobile=&#8220;30&#8243;]\n<p class=\"phone-number\" style=\"text-align: center;\">(+352) 26 34 35 &#8211; 1<\/p>\n[\/gt3_custom_text][vc_empty_space height=&#8220;50px&#8220;][\/vc_column_inner][\/vc_row_inner][\/vc_column][\/vc_row]","protected":false},"excerpt":{"rendered":"<p>[vc_row full_width=&#8220;stretch_row&#8220; content_placement=&#8220;middle&#8220; css=&#8220;.vc_custom_1539849201248{background-image: url(http:\/\/www.cartrust.lu\/wp-content\/uploads\/2018\/10\/home-small.jpg?id=3934) !important;background-position: center !important;background-repeat: no-repeat !important;background-size: cover !important;}&#8220; el_id=&#8220;page-header&#8220;][vc_column][gt3_custom_text text_color=&#8220;#ffffff&#8220; font_size=&#8220;48&#8243; use_theme_fonts=&#8220;&#8220; google_fonts_text=&#8220;font_family:Montserrat%3Aregular%2C700|font_style:700%20bold%20regular%3A700%3Anormal&#8220; responsive_font=&#8220;true&#8220; font_size_sm_desctop=&#8220;40&#8243; font_size_tablet=&#8220;35&#8243; font_size_mobile=&#8220;28&#8243;] UNSERE PRODUKTE UND LEISTUNGEN [\/gt3_custom_text][gt3_spacing height=&#8220;50px&#8220;][\/vc_column][\/vc_row][vc_row][vc_column][gt3_spacing height=&#8220;50px&#8220;][gt3_custom_text text_color=&#8220;#2b3152&#8243; font_size=&#8220;36&#8243; responsive_font=&#8220;true&#8220; font_size_sm_desctop=&#8220;30&#8243; font_size_tablet=&#8220;25&#8243; font_size_mobile=&#8220;20&#8243;] Warum sollten Sie sich f\u00fcr Cartrust entscheiden? [\/gt3_custom_text][gt3_spacing height=&#8220;25px&#8220;][vc_row_inner][vc_column_inner width=&#8220;1\/6&#8243;][\/vc_column_inner][vc_column_inner width=&#8220;2\/3&#8243;][gt3_custom_text text_color=&#8220;#777b93&#8243; font_size=&#8220;16&#8243; line_height=&#8220;190&#8243;] Uns ist es wichtig, gro\u00dfe Kundenn\u00e4he, maximale [&hellip;]<\/p>\n","protected":false},"author":1,"featured_media":0,"parent":0,"menu_order":0,"comment_status":"closed","ping_status":"closed","template":"full-width.php","meta":{"footnotes":""},"class_list":["post-3053","page","type-page","status-publish","hentry"],"_links":{"self":[{"href":"http:\/\/www.cartrust.lu\/de\/wp-json\/wp\/v2\/pages\/3053","targetHints":{"allow":["GET"]}}],"collection":[{"href":"http:\/\/www.cartrust.lu\/de\/wp-json\/wp\/v2\/pages"}],"about":[{"href":"http:\/\/www.cartrust.lu\/de\/wp-json\/wp\/v2\/types\/page"}],"author":[{"embeddable":true,"href":"http:\/\/www.cartrust.lu\/de\/wp-json\/wp\/v2\/users\/1"}],"replies":[{"embeddable":true,"href":"http:\/\/www.cartrust.lu\/de\/wp-json\/wp\/v2\/comments?post=3053"}],"version-history":[{"count":81,"href":"http:\/\/www.cartrust.lu\/de\/wp-json\/wp\/v2\/pages\/3053\/revisions"}],"predecessor-version":[{"id":5006,"href":"http:\/\/www.cartrust.lu\/de\/wp-json\/wp\/v2\/pages\/3053\/revisions\/5006"}],"wp:attachment":[{"href":"http:\/\/www.cartrust.lu\/de\/wp-json\/wp\/v2\/media?parent=3053"}],"curies":[{"name":"wp","href":"https:\/\/api.w.org\/{rel}","templated":true}]}}